{"id":721,"date":"2024-05-27T12:17:59","date_gmt":"2024-05-27T10:17:59","guid":{"rendered":"https:\/\/www.obsydya.org\/?page_id=721"},"modified":"2024-05-27T12:18:00","modified_gmt":"2024-05-27T10:18:00","slug":"caracteristiques-agricoles-du-site-de-awanla-5","status":"publish","type":"page","link":"https:\/\/www.obsydya.org\/?page_id=721","title":{"rendered":"Caract\u00e9ristiques agricoles du site de Badou"},"content":{"rendered":"\n<p><\/p>\n\n\n\n<ul class=\"has-nv-light-bg-background-color has-background wp-block-list\">\n<li>Zone agro\u00e9cologique 2 (zone cotonni\u00e8re du nord B\u00e9nin)<\/li>\n\n\n\n<li>P\u00f4le de d\u00e9veloppement agricole 2\u00a0: Zone du bassin cotonnier<\/li>\n\n\n\n<li>Principales cultures\u00a0: coton, ma\u00efs, riz, soja, sorgho, ni\u00e9b\u00e9<\/li>\n\n\n\n<li>Principales plantations\u00a0: teck, anacardier, manguier<\/li>\n\n\n\n<li>Elevage intensif de bovins, ovins, caprins, volailles<\/li>\n<\/ul>\n\n\n\n<figure class=\"wp-block-gallery has-nested-images columns-default is-cropped wp-block-gallery-1 is-layout-flex wp-block-gallery-is-layout-flex\">\n<figure class=\"wp-block-image size-large\"><img loading=\"lazy\" decoding=\"async\" width=\"1024\" height=\"768\" data-id=\"724\" src=\"https:\/\/www.obsydya.org\/wp-content\/uploads\/2024\/05\/site-de-badou2-1024x768.jpg\" alt=\"\" class=\"wp-image-724\" srcset=\"https:\/\/www.obsydya.org\/wp-content\/uploads\/2024\/05\/site-de-badou2-1024x768.jpg 1024w, https:\/\/www.obsydya.org\/wp-content\/uploads\/2024\/05\/site-de-badou2-300x225.jpg 300w, https:\/\/www.obsydya.org\/wp-content\/uploads\/2024\/05\/site-de-badou2-768x576.jpg 768w, https:\/\/www.obsydya.org\/wp-content\/uploads\/2024\/05\/site-de-badou2-1536x1152.jpg 1536w, https:\/\/www.obsydya.org\/wp-content\/uploads\/2024\/05\/site-de-badou2-2048x1536.jpg 2048w\" sizes=\"auto, (max-width: 1024px) 100vw, 1024px\" \/><\/figure>\n\n\n\n<figure class=\"wp-block-image size-large\"><img loading=\"lazy\" decoding=\"async\" width=\"800\" height=\"400\" data-id=\"723\" src=\"https:\/\/www.obsydya.org\/wp-content\/uploads\/2024\/05\/site-de-badou.jpg\" alt=\"\" class=\"wp-image-723\" srcset=\"https:\/\/www.obsydya.org\/wp-content\/uploads\/2024\/05\/site-de-badou.jpg 800w, https:\/\/www.obsydya.org\/wp-content\/uploads\/2024\/05\/site-de-badou-300x150.jpg 300w, https:\/\/www.obsydya.org\/wp-content\/uploads\/2024\/05\/site-de-badou-768x384.jpg 768w\" sizes=\"auto, (max-width: 800px) 100vw, 800px\" \/><\/figure>\n\n\n\n<figure class=\"wp-block-image size-large\"><img loading=\"lazy\" decoding=\"async\" width=\"768\" height=\"1024\" data-id=\"725\" src=\"https:\/\/www.obsydya.org\/wp-content\/uploads\/2024\/05\/site-de-badou3-768x1024.jpg\" alt=\"\" class=\"wp-image-725\" srcset=\"https:\/\/www.obsydya.org\/wp-content\/uploads\/2024\/05\/site-de-badou3-768x1024.jpg 768w, https:\/\/www.obsydya.org\/wp-content\/uploads\/2024\/05\/site-de-badou3-225x300.jpg 225w, https:\/\/www.obsydya.org\/wp-content\/uploads\/2024\/05\/site-de-badou3-1152x1536.jpg 1152w, https:\/\/www.obsydya.org\/wp-content\/uploads\/2024\/05\/site-de-badou3-1536x2048.jpg 1536w, https:\/\/www.obsydya.org\/wp-content\/uploads\/2024\/05\/site-de-badou3.jpg 1701w\" sizes=\"auto, (max-width: 768px) 100vw, 768px\" \/><\/figure>\n<\/figure>\n\n\n\n<div style=\"height:63px\" aria-hidden=\"true\" class=\"wp-block-spacer\"><\/div>\n","protected":false},"excerpt":{"rendered":"","protected":false},"author":2,"featured_media":0,"parent":0,"menu_order":0,"comment_status":"closed","ping_status":"closed","template":"","meta":{"neve_meta_sidebar":"","neve_meta_container":"","neve_meta_enable_content_width":"","neve_meta_content_width":0,"neve_meta_title_alignment":"","neve_meta_author_avatar":"","neve_post_elements_order":"","neve_meta_disable_header":"","neve_meta_disable_footer":"","neve_meta_disable_title":"","ngg_post_thumbnail":0,"footnotes":""},"class_list":["post-721","page","type-page","status-publish","hentry"],"_links":{"self":[{"href":"https:\/\/www.obsydya.org\/index.php?rest_route=\/wp\/v2\/pages\/721","targetHints":{"allow":["GET"]}}],"collection":[{"href":"https:\/\/www.obsydya.org\/index.php?rest_route=\/wp\/v2\/pages"}],"about":[{"href":"https:\/\/www.obsydya.org\/index.php?rest_route=\/wp\/v2\/types\/page"}],"author":[{"embeddable":true,"href":"https:\/\/www.obsydya.org\/index.php?rest_route=\/wp\/v2\/users\/2"}],"replies":[{"embeddable":true,"href":"https:\/\/www.obsydya.org\/index.php?rest_route=%2Fwp%2Fv2%2Fcomments&post=721"}],"version-history":[{"count":1,"href":"https:\/\/www.obsydya.org\/index.php?rest_route=\/wp\/v2\/pages\/721\/revisions"}],"predecessor-version":[{"id":726,"href":"https:\/\/www.obsydya.org\/index.php?rest_route=\/wp\/v2\/pages\/721\/revisions\/726"}],"wp:attachment":[{"href":"https:\/\/www.obsydya.org\/index.php?rest_route=%2Fwp%2Fv2%2Fmedia&parent=721"}],"curies":[{"name":"wp","href":"https:\/\/api.w.org\/{rel}","templated":true}]}}