{"id":716,"date":"2024-05-27T12:12:03","date_gmt":"2024-05-27T10:12:03","guid":{"rendered":"https:\/\/www.obsydya.org\/?page_id=716"},"modified":"2024-05-27T12:12:38","modified_gmt":"2024-05-27T10:12:38","slug":"caracteristiques-agricoles-du-site-de-awanla-4","status":"publish","type":"page","link":"https:\/\/www.obsydya.org\/?page_id=716","title":{"rendered":"Caract\u00e9ristiques agricoles du site de Soaodou"},"content":{"rendered":"\n<p><\/p>\n\n\n\n<ul class=\"has-nv-light-bg-background-color has-background wp-block-list\">\n<li>Zone agro\u00e9cologique 3 (zone vivri\u00e8re du sud Borgou)\u00a0: Syst\u00e8mes de production domin\u00e9s par les vivriers<\/li>\n\n\n\n<li>P\u00f4le de d\u00e9veloppement agricole 2\u00a0: Zone du bassin cotonnier<\/li>\n\n\n\n<li>Principales cultures\u00a0: Soja, ma\u00efs, igname, manioc, sorgho, riz, ni\u00e9b\u00e9, coton<\/li>\n\n\n\n<li>Principales plantations\u00a0: Anacarde, teck, manguier<\/li>\n\n\n\n<li>Elevage de volailles caprins porcins ovins bovins<\/li>\n<\/ul>\n\n\n\n<figure class=\"wp-block-gallery has-nested-images columns-default is-cropped wp-block-gallery-1 is-layout-flex wp-block-gallery-is-layout-flex\">\n<figure class=\"wp-block-image size-large\"><img loading=\"lazy\" decoding=\"async\" width=\"1024\" height=\"768\" data-id=\"718\" src=\"https:\/\/www.obsydya.org\/wp-content\/uploads\/2024\/05\/site-de-soaodou1-1024x768.jpg\" alt=\"\" class=\"wp-image-718\" srcset=\"https:\/\/www.obsydya.org\/wp-content\/uploads\/2024\/05\/site-de-soaodou1-1024x768.jpg 1024w, https:\/\/www.obsydya.org\/wp-content\/uploads\/2024\/05\/site-de-soaodou1-300x225.jpg 300w, https:\/\/www.obsydya.org\/wp-content\/uploads\/2024\/05\/site-de-soaodou1-768x576.jpg 768w, https:\/\/www.obsydya.org\/wp-content\/uploads\/2024\/05\/site-de-soaodou1-1536x1152.jpg 1536w, https:\/\/www.obsydya.org\/wp-content\/uploads\/2024\/05\/site-de-soaodou1-2048x1536.jpg 2048w\" sizes=\"auto, (max-width: 1024px) 100vw, 1024px\" \/><\/figure>\n\n\n\n<figure class=\"wp-block-image size-large\"><img loading=\"lazy\" decoding=\"async\" width=\"1024\" height=\"768\" data-id=\"717\" src=\"https:\/\/www.obsydya.org\/wp-content\/uploads\/2024\/05\/site-de-soaodou-1024x768.jpg\" alt=\"\" class=\"wp-image-717\" srcset=\"https:\/\/www.obsydya.org\/wp-content\/uploads\/2024\/05\/site-de-soaodou-1024x768.jpg 1024w, https:\/\/www.obsydya.org\/wp-content\/uploads\/2024\/05\/site-de-soaodou-300x225.jpg 300w, https:\/\/www.obsydya.org\/wp-content\/uploads\/2024\/05\/site-de-soaodou-768x576.jpg 768w, https:\/\/www.obsydya.org\/wp-content\/uploads\/2024\/05\/site-de-soaodou-1536x1152.jpg 1536w, https:\/\/www.obsydya.org\/wp-content\/uploads\/2024\/05\/site-de-soaodou-2048x1536.jpg 2048w\" sizes=\"auto, (max-width: 1024px) 100vw, 1024px\" \/><\/figure>\n<\/figure>\n\n\n\n<div style=\"height:63px\" aria-hidden=\"true\" class=\"wp-block-spacer\"><\/div>\n","protected":false},"excerpt":{"rendered":"","protected":false},"author":2,"featured_media":0,"parent":0,"menu_order":0,"comment_status":"closed","ping_status":"closed","template":"","meta":{"neve_meta_sidebar":"","neve_meta_container":"","neve_meta_enable_content_width":"","neve_meta_content_width":0,"neve_meta_title_alignment":"","neve_meta_author_avatar":"","neve_post_elements_order":"","neve_meta_disable_header":"","neve_meta_disable_footer":"","neve_meta_disable_title":"","ngg_post_thumbnail":0,"footnotes":""},"class_list":["post-716","page","type-page","status-publish","hentry"],"_links":{"self":[{"href":"https:\/\/www.obsydya.org\/index.php?rest_route=\/wp\/v2\/pages\/716","targetHints":{"allow":["GET"]}}],"collection":[{"href":"https:\/\/www.obsydya.org\/index.php?rest_route=\/wp\/v2\/pages"}],"about":[{"href":"https:\/\/www.obsydya.org\/index.php?rest_route=\/wp\/v2\/types\/page"}],"author":[{"embeddable":true,"href":"https:\/\/www.obsydya.org\/index.php?rest_route=\/wp\/v2\/users\/2"}],"replies":[{"embeddable":true,"href":"https:\/\/www.obsydya.org\/index.php?rest_route=%2Fwp%2Fv2%2Fcomments&post=716"}],"version-history":[{"count":1,"href":"https:\/\/www.obsydya.org\/index.php?rest_route=\/wp\/v2\/pages\/716\/revisions"}],"predecessor-version":[{"id":719,"href":"https:\/\/www.obsydya.org\/index.php?rest_route=\/wp\/v2\/pages\/716\/revisions\/719"}],"wp:attachment":[{"href":"https:\/\/www.obsydya.org\/index.php?rest_route=%2Fwp%2Fv2%2Fmedia&parent=716"}],"curies":[{"name":"wp","href":"https:\/\/api.w.org\/{rel}","templated":true}]}}