{"id":533,"date":"2023-10-12T10:24:23","date_gmt":"2023-10-12T08:24:23","guid":{"rendered":"https:\/\/www.obsydya.org\/?page_id=533"},"modified":"2023-10-12T10:24:23","modified_gmt":"2023-10-12T08:24:23","slug":"mikhail-dotou-padonou","status":"publish","type":"page","link":"https:\/\/www.obsydya.org\/?page_id=533","title":{"rendered":"Mikha\u00efl Dotou  PADONOU"},"content":{"rendered":"\n<div class=\"wp-block-media-text is-stacked-on-mobile has-nv-light-bg-background-color has-background\" style=\"grid-template-columns:23% auto\"><figure class=\"wp-block-media-text__media\"><img loading=\"lazy\" decoding=\"async\" width=\"922\" height=\"1024\" src=\"https:\/\/www.obsydya.org\/wp-content\/uploads\/2023\/10\/mikhail_jean_de_dieu_dotou_padonou._2023-01-12_15-25-11_768-2-922x1024.jpg\" alt=\"\" class=\"wp-image-534 size-full\" srcset=\"https:\/\/www.obsydya.org\/wp-content\/uploads\/2023\/10\/mikhail_jean_de_dieu_dotou_padonou._2023-01-12_15-25-11_768-2-922x1024.jpg 922w, https:\/\/www.obsydya.org\/wp-content\/uploads\/2023\/10\/mikhail_jean_de_dieu_dotou_padonou._2023-01-12_15-25-11_768-2-270x300.jpg 270w, https:\/\/www.obsydya.org\/wp-content\/uploads\/2023\/10\/mikhail_jean_de_dieu_dotou_padonou._2023-01-12_15-25-11_768-2-768x853.jpg 768w, https:\/\/www.obsydya.org\/wp-content\/uploads\/2023\/10\/mikhail_jean_de_dieu_dotou_padonou._2023-01-12_15-25-11_768-2-1384x1536.jpg 1384w, https:\/\/www.obsydya.org\/wp-content\/uploads\/2023\/10\/mikhail_jean_de_dieu_dotou_padonou._2023-01-12_15-25-11_768-2.jpg 1462w\" sizes=\"auto, (max-width: 922px) 100vw, 922px\" \/><\/figure><div class=\"wp-block-media-text__content\">\n<p><strong>Doctorant en sciences agronomiques<\/strong><br><strong>Sujet<\/strong> : Identification, d\u00e9veloppement et suivi par t\u00e9l\u00e9d\u00e9tection d\u2019Indicateurs de Durabilit\u00e9 Ecologique des syst\u00e8mes agricoles au centre et au nord du B\u00e9nin<br>Universit\u00e9s de Parakou\/Li\u00e8ge<br><strong>Directeurs de th\u00e8se : <\/strong>G\u00e9rard GOUWAKINNOU &amp; Antoine DENIS<\/p>\n\n\n<div class=\"wp-block-image is-style-rounded\">\n<figure class=\"alignleft size-full is-resized\"><a href=\"mailto:dotou.padonou@gmail.com\"><img loading=\"lazy\" decoding=\"async\" src=\"https:\/\/www.obsydya.org\/wp-content\/uploads\/2023\/10\/mail.png\" alt=\"\" class=\"wp-image-536\" style=\"width:47px;height:47px\" width=\"47\" height=\"47\" srcset=\"https:\/\/www.obsydya.org\/wp-content\/uploads\/2023\/10\/mail.png 512w, https:\/\/www.obsydya.org\/wp-content\/uploads\/2023\/10\/mail-300x300.png 300w, https:\/\/www.obsydya.org\/wp-content\/uploads\/2023\/10\/mail-150x150.png 150w\" sizes=\"auto, (max-width: 47px) 100vw, 47px\" \/><\/a><\/figure>\n<\/div>\n\n\n<p><\/p>\n<\/div><\/div>\n\n\n\n<div style=\"height:0px\" aria-hidden=\"true\" class=\"wp-block-spacer\"><\/div>\n\n\n\n<div style=\"height:36px\" aria-hidden=\"true\" class=\"wp-block-spacer\"><\/div>\n\n\n\n<p><strong>Sur quoi porte votre recherche ? <\/strong><\/p>\n\n\n<div class=\"wp-block-image\">\n<figure class=\"alignright size-large is-resized\"><img loading=\"lazy\" decoding=\"async\" src=\"https:\/\/www.obsydya.org\/wp-content\/uploads\/2023\/10\/Intensification-agroecosysteme-1024x683.jpg\" alt=\"\" class=\"wp-image-538\" style=\"width:406px;height:271px\" width=\"406\" height=\"271\" srcset=\"https:\/\/www.obsydya.org\/wp-content\/uploads\/2023\/10\/Intensification-agroecosysteme-1024x683.jpg 1024w, https:\/\/www.obsydya.org\/wp-content\/uploads\/2023\/10\/Intensification-agroecosysteme-300x200.jpg 300w, https:\/\/www.obsydya.org\/wp-content\/uploads\/2023\/10\/Intensification-agroecosysteme-768x512.jpg 768w, https:\/\/www.obsydya.org\/wp-content\/uploads\/2023\/10\/Intensification-agroecosysteme-1536x1024.jpg 1536w, https:\/\/www.obsydya.org\/wp-content\/uploads\/2023\/10\/Intensification-agroecosysteme-2048x1365.jpg 2048w, https:\/\/www.obsydya.org\/wp-content\/uploads\/2023\/10\/Intensification-agroecosysteme-930x620.jpg 930w\" sizes=\"auto, (max-width: 406px) 100vw, 406px\" \/><\/figure>\n<\/div>\n\n\n<p>L\u2019augmentation de la population mondiale entraine un accroissement de la demande de produits agricoles (aliments, fibres, etc.). Pour r\u00e9pondre \u00e0 cette demande, l\u2019expansion des terres agricoles est la strat\u00e9gie g\u00e9n\u00e9ralement adopt\u00e9e dans les pays en d\u00e9veloppement comme le B\u00e9nin. Cette expansion des terres agricoles conduit \u00e0 un changement de l\u2019usage des terres avec comme cons\u00e9quences&nbsp;: la perte de la biodiversit\u00e9, la contamination chimique des eaux et des sols, la prolif\u00e9ration des esp\u00e8ces invasives, la pollution des eaux et l\u2019\u00e9mission de gaz \u00e0 effet de serre. Dans ce contexte il est imp\u00e9rieux d\u2019\u0153uvrer pour l\u2019adoption d\u2019une agriculture plus durable qui pr\u00e9serve l\u2019environnement en g\u00e9n\u00e9ral et la biodiversit\u00e9 en particulier. Pour orienter les d\u00e9cisions des diff\u00e9rents acteurs du d\u00e9veloppement agricole pour la transition vers une agriculture durable, l\u2019\u00e9valuation globale de la durabilit\u00e9 des paysages agricoles sous les angles \u00e9cologiques et socio-\u00e9conomiques est n\u00e9cessaire. Plusieurs m\u00e9thodologies n\u00e9cessitant une collecte intensive de donn\u00e9es de terrains sont d\u00e9velopp\u00e9es pour conduire ces \u00e9valuations. Ces m\u00e9thodes sont couteuses en temps et en ressources. La t\u00e9l\u00e9d\u00e9tection satellitaire avec des images de haute et tr\u00e8s haute r\u00e9solution spatiale offre une alternative moins couteuse pour \u00e9valuer la durabilit\u00e9 \u00e9cologique des paysages agricoles.<\/p>\n\n\n\n<p>L\u2019objectif de ma th\u00e8se est d\u2019identifier, de d\u00e9velopper et de suivre par t\u00e9l\u00e9d\u00e9tection des indicateurs permettant l\u2019analyse de la dynamique de la durabilit\u00e9 \u00e9cologique des syst\u00e8mes agricoles au centre et au nord du B\u00e9nin. Elle exploitera les cartes de couverture et d\u2019utilisation des terres d\u00e9velopp\u00e9e par le projet OBSYDYA pour \u00e9valuer et comparer \u00e0 partir des indicateurs de durabilit\u00e9 \u00e9cologique pertinents, les agro\u00e9cosyst\u00e8mes du Nord B\u00e9nin.<\/p>\n\n\n\n<div style=\"height:34px\" aria-hidden=\"true\" class=\"wp-block-spacer\"><\/div>\n\n\n\n<p><strong>Quel est votre parcours ? <\/strong><\/p>\n\n\n\n<p>Apr\u00e8s mon baccalaur\u00e9at obtenu en 2008 en Biologie-G\u00e9ologie, j\u2019ai suivi une formation universitaire en agronomie \u00e0 la facult\u00e9 des sciences agronomiques de l\u2019Universit\u00e9 d\u2019Abomey-Calavi. \u00c0 l\u2019issue de cette formation, j\u2019ai obtenu successivement une Licence Professionnelle en Am\u00e9nagement et gestion des ressources naturelles, option&nbsp;: gestion des for\u00eats et parcours naturels (mai 2013) puis un master professionnel en Am\u00e9nagement et gestion des ressources naturelles, option&nbsp;: gestion aires prot\u00e9g\u00e9es (mars 2017). Parall\u00e8lement \u00e0 ma formation en sciences agronomiques, j\u2019ai suivi une formation universitaire en Sciences sociales&nbsp;: option sociologie &amp; anthropologie \u00e0 la Facult\u00e9 des Lettres Arts et Sciences de l\u2019Universit\u00e9 d\u2019Abomey-Calavi o\u00f9 j\u2019ai obtenu une Licence en 2013.<\/p>\n\n\n\n<p>Au terme de ces formations, j\u2019ai obtenu une bourse qui m\u2019a permis d\u2019effectuer un master compl\u00e9mentaire en sciences et techniques&nbsp;: option agroforesterie, \u00e9cologie et adaptation \u00e0 l\u2019Universit\u00e9 Cheikh Anta Diop de Dakar (avril 2018).<\/p>\n\n\n\n<p>En 2021, j\u2019ai suivi une formation universitaire certifiant en syst\u00e8me d\u2019information g\u00e9ographique libre \u00e0 l\u2019Universit\u00e9 Libre de Bruxelles gr\u00e2ce \u00e0 une bourse offerte par l\u2019Acad\u00e9mie de Recherche et d\u2019Enseignement sup\u00e9rieur de la F\u00e9d\u00e9ration Wallonie-Bruxelles (Belgique). J\u2019ai suivi \u00e9galement diverses formations relatives&nbsp;: au marketing social pour la conservation de la biodiversit\u00e9, au suivi \u00e9cologique de la biodiversit\u00e9, \u00e0 la gestion de la biodiversit\u00e9, \u00e0 la mobilisation d\u2019\u00e9vidences pour la conservation.<\/p>\n\n\n\n<div style=\"height:34px\" aria-hidden=\"true\" class=\"wp-block-spacer\"><\/div>\n\n\n\n<p><strong>Quelles sont vos perspectives apr\u00e8s la th\u00e8se ? <\/strong><\/p>\n\n\n\n<p>Au terme de ma th\u00e8se, j\u2019envisage de vulgariser les m\u00e9thodes d\u2019\u00e9valuation de la durabilit\u00e9 \u00e9cologique des agro\u00e9cosyst\u00e8mes bas\u00e9es sur la t\u00e9l\u00e9d\u00e9tection satellitaire \u00e0 travers des formations, des consultations et la publication r\u00e9guli\u00e8re de travaux scientifiques. Je m\u2019investirai \u00e9galement au sein de l\u2019observatoire et des laboratoires auxquelles je suis affili\u00e9, \u00e0 la promotion de ces m\u00e9thodes.<\/p>\n\n\n\n<div style=\"height:34px\" aria-hidden=\"true\" class=\"wp-block-spacer\"><\/div>\n\n\n\n<p><strong>Quelles sont vos activit\u00e9s en dehors de la recherche ? <\/strong><\/p>\n\n\n\n<p>Je suis membre actif du r\u00e9seau national des jeunes pour la pr\u00e9servation des r\u00e9serves MAB UNESCO du B\u00e9nin.<br>Je milite aussi pour la d\u00e9mocratisation des SIG au B\u00e9nin \u00e0 travers la production de diverses cartes th\u00e9matiques consultables sur mon <a href=\"https:\/\/dotoupadonou.wixsite.com\/mikhail-eportfolio\">e-portfolio<\/a>&nbsp;<\/p>\n\n\n\n<div style=\"height:34px\" aria-hidden=\"true\" class=\"wp-block-spacer\"><\/div>\n\n\n\n<p><strong>Publications :<\/strong><\/p>\n\n\n\n<div class=\"wp-block-columns is-layout-flex wp-container-core-columns-is-layout-9d6595d7 wp-block-columns-is-layout-flex\">\n<div class=\"wp-block-column has-neve-link-color-color has-nv-light-bg-background-color has-text-color has-background is-layout-flow wp-block-column-is-layout-flow\">\n<ul class=\"wp-block-list\">\n<li>Padonou M. (2021)&nbsp;: Syst\u00e8me d\u2019information g\u00e9ographique pour la gestion durable des terres du bassin versant du Mono (B\u00e9nin et Togo), 29&nbsp;p<\/li>\n\n\n\n<li>Balley, S., Padonou M., Padonou F. (2019) : Diagnostic des conditions d\u2019adoption de l\u2019agriculture biologique et des pratiques agro\u00e9cologiques dans la For\u00eat Mar\u00e9cageuse de Lokoli \u00e0 Zogbodomey, 23&nbsp;p<\/li>\n\n\n\n<li>Padonou M. (2019)&nbsp;: Pourquoi et comment faire de l\u2019agriculture biologique\u2009? Support de vulgarisation et d\u2019appui-conseils, 20&nbsp;p<\/li>\n\n\n\n<li>Padonou E.F., Padonou M., Akiyo F., Garba Z., Gnangassi E. (2016)&nbsp;: Assurer la s\u00e9curit\u00e9 alimentaire \u00e0 travers la fourniture par les OP de services pertinents aux producteurs. Rapport de capitalisation. 7 p<\/li>\n\n\n\n<li>Amoussouga T., Padonou E.F., Padonou M., Akiyo F., Fassinou A. (2016)&nbsp;: La maitrise des outils CEF par les riziculteurs d\u00e9scolaris\u00e9s des zones d\u2019intervention du Projet Riz (Local Rice Farmers can Feed West Africa). Rapport de capitalisation. 23 p<\/li>\n\n\n\n<li>Padonou M. (2018)&nbsp;: R\u00e9ponses au d\u00e9\ufb01cit hydrique de jeunes plants de Tamarindus indica L. et niveau de conservation in situ de<br>l\u2019esp\u00e8ce au S\u00e9n\u00e9gal. M\u00e9moire de Master. FST\/UCAD. 40 p<\/li>\n<\/ul>\n<\/div>\n<\/div>\n","protected":false},"excerpt":{"rendered":"<p>Sur quoi porte votre recherche ? L\u2019augmentation de la population mondiale entraine un accroissement de la demande de produits agricoles (aliments, fibres, etc.). Pour r\u00e9pondre \u00e0 cette demande, l\u2019expansion des terres agricoles est la strat\u00e9gie g\u00e9n\u00e9ralement adopt\u00e9e dans les pays en d\u00e9veloppement comme le B\u00e9nin. Cette expansion des terres agricoles conduit \u00e0 un changement de&hellip;&nbsp;<a href=\"https:\/\/www.obsydya.org\/?page_id=533\" class=\"\" rel=\"bookmark\">Lire la suite &raquo;<span class=\"screen-reader-text\">Mikha\u00efl Dotou  PADONOU<\/span><\/a><\/p>\n","protected":false},"author":2,"featured_media":0,"parent":0,"menu_order":0,"comment_status":"closed","ping_status":"closed","template":"","meta":{"neve_meta_sidebar":"","neve_meta_container":"","neve_meta_enable_content_width":"","neve_meta_content_width":0,"neve_meta_title_alignment":"","neve_meta_author_avatar":"","neve_post_elements_order":"","neve_meta_disable_header":"","neve_meta_disable_footer":"","neve_meta_disable_title":"","ngg_post_thumbnail":0,"footnotes":""},"class_list":["post-533","page","type-page","status-publish","hentry"],"_links":{"self":[{"href":"https:\/\/www.obsydya.org\/index.php?rest_route=\/wp\/v2\/pages\/533","targetHints":{"allow":["GET"]}}],"collection":[{"href":"https:\/\/www.obsydya.org\/index.php?rest_route=\/wp\/v2\/pages"}],"about":[{"href":"https:\/\/www.obsydya.org\/index.php?rest_route=\/wp\/v2\/types\/page"}],"author":[{"embeddable":true,"href":"https:\/\/www.obsydya.org\/index.php?rest_route=\/wp\/v2\/users\/2"}],"replies":[{"embeddable":true,"href":"https:\/\/www.obsydya.org\/index.php?rest_route=%2Fwp%2Fv2%2Fcomments&post=533"}],"version-history":[{"count":4,"href":"https:\/\/www.obsydya.org\/index.php?rest_route=\/wp\/v2\/pages\/533\/revisions"}],"predecessor-version":[{"id":540,"href":"https:\/\/www.obsydya.org\/index.php?rest_route=\/wp\/v2\/pages\/533\/revisions\/540"}],"wp:attachment":[{"href":"https:\/\/www.obsydya.org\/index.php?rest_route=%2Fwp%2Fv2%2Fmedia&parent=533"}],"curies":[{"name":"wp","href":"https:\/\/api.w.org\/{rel}","templated":true}]}}