{"id":528,"date":"2023-10-12T08:57:56","date_gmt":"2023-10-12T06:57:56","guid":{"rendered":"https:\/\/www.obsydya.org\/?page_id=528"},"modified":"2023-12-08T10:22:36","modified_gmt":"2023-12-08T09:22:36","slug":"portraits-des-doctorants","status":"publish","type":"page","link":"https:\/\/www.obsydya.org\/?page_id=528","title":{"rendered":"Portraits des doctorants"},"content":{"rendered":"\n<div class=\"wp-block-columns is-layout-flex wp-container-core-columns-is-layout-9d6595d7 wp-block-columns-is-layout-flex\">\n<div class=\"wp-block-column has-neve-link-color-color has-nv-site-bg-background-color has-text-color has-background is-layout-flow wp-block-column-is-layout-flow\">\n<div class=\"wp-block-media-text is-stacked-on-mobile is-image-fill\" style=\"grid-template-columns:18% auto\"><figure class=\"wp-block-media-text__media\" style=\"background-image:url(https:\/\/www.obsydya.org\/wp-content\/uploads\/2023\/10\/mikhail_jean_de_dieu_dotou_padonou._2023-01-12_15-25-11_768-1-922x1024.jpg);background-position:47% 22%\"><img loading=\"lazy\" decoding=\"async\" width=\"922\" height=\"1024\" src=\"https:\/\/www.obsydya.org\/wp-content\/uploads\/2023\/10\/mikhail_jean_de_dieu_dotou_padonou._2023-01-12_15-25-11_768-1-922x1024.jpg\" alt=\"\" class=\"wp-image-530 size-full\" srcset=\"https:\/\/www.obsydya.org\/wp-content\/uploads\/2023\/10\/mikhail_jean_de_dieu_dotou_padonou._2023-01-12_15-25-11_768-1-922x1024.jpg 922w, https:\/\/www.obsydya.org\/wp-content\/uploads\/2023\/10\/mikhail_jean_de_dieu_dotou_padonou._2023-01-12_15-25-11_768-1-270x300.jpg 270w, https:\/\/www.obsydya.org\/wp-content\/uploads\/2023\/10\/mikhail_jean_de_dieu_dotou_padonou._2023-01-12_15-25-11_768-1-768x853.jpg 768w, https:\/\/www.obsydya.org\/wp-content\/uploads\/2023\/10\/mikhail_jean_de_dieu_dotou_padonou._2023-01-12_15-25-11_768-1-1384x1536.jpg 1384w, https:\/\/www.obsydya.org\/wp-content\/uploads\/2023\/10\/mikhail_jean_de_dieu_dotou_padonou._2023-01-12_15-25-11_768-1.jpg 1462w\" sizes=\"auto, (max-width: 922px) 100vw, 922px\" \/><\/figure><div class=\"wp-block-media-text__content\">\n<h3 class=\"wp-block-heading has-text-align-left\">Mikha\u00efl Jean de Dieu Dotou PADONOU <\/h3>\n\n\n\n<p>Sujet  : Identification, d\u00e9veloppement et suivi par t\u00e9l\u00e9d\u00e9tection d\u2019Indicateurs de Durabilit\u00e9 Ecologique des syst\u00e8mes agricoles au centre et au nord du B\u00e9nin<br><br>Universit\u00e9s de Parakou\/Li\u00e8ge<\/p>\n\n\n\n<p><a href=\"https:\/\/www.obsydya.org\/?page_id=533\" data-type=\"page\" data-id=\"533\">Lire la suite<\/a><\/p>\n<\/div><\/div>\n<\/div>\n<\/div>\n\n\n\n<div style=\"height:37px\" aria-hidden=\"true\" class=\"wp-block-spacer\"><\/div>\n\n\n\n<div class=\"wp-block-media-text is-stacked-on-mobile is-image-fill\" style=\"grid-template-columns:18% auto\"><figure class=\"wp-block-media-text__media\" style=\"background-image:url(https:\/\/www.obsydya.org\/wp-content\/uploads\/2023\/11\/photo_bruno-1-scaled-e1700560179545-895x1024.jpg);background-position:50% 50%\"><img loading=\"lazy\" decoding=\"async\" width=\"895\" height=\"1024\" src=\"https:\/\/www.obsydya.org\/wp-content\/uploads\/2023\/11\/photo_bruno-1-scaled-e1700560179545-895x1024.jpg\" alt=\"\" class=\"wp-image-561 size-full\" srcset=\"https:\/\/www.obsydya.org\/wp-content\/uploads\/2023\/11\/photo_bruno-1-scaled-e1700560179545-895x1024.jpg 895w, https:\/\/www.obsydya.org\/wp-content\/uploads\/2023\/11\/photo_bruno-1-scaled-e1700560179545-262x300.jpg 262w, https:\/\/www.obsydya.org\/wp-content\/uploads\/2023\/11\/photo_bruno-1-scaled-e1700560179545-768x879.jpg 768w, https:\/\/www.obsydya.org\/wp-content\/uploads\/2023\/11\/photo_bruno-1-scaled-e1700560179545.jpg 1152w\" sizes=\"auto, (max-width: 895px) 100vw, 895px\" \/><\/figure><div class=\"wp-block-media-text__content\">\n<h3 class=\"wp-block-heading has-text-align-left\">Bruno BIO NIKKI<\/h3>\n\n\n\n<p>Sujet  : Apprentissage profond et t\u00e9l\u00e9d\u00e9tection multi-capteur pour la cartographie de l&rsquo;occupation et l&rsquo;usage des sols agricoles au Centre et Nord B\u00e9nin<br><br>Universit\u00e9s de Parakou\/CIRAD<\/p>\n\n\n\n<p><a href=\"https:\/\/www.obsydya.org\/?page_id=560\" data-type=\"page\" data-id=\"533\">Lire la suite<\/a><\/p>\n<\/div><\/div>\n\n\n\n<div style=\"height:37px\" aria-hidden=\"true\" class=\"wp-block-spacer\"><\/div>\n\n\n\n<div class=\"wp-block-media-text is-stacked-on-mobile is-image-fill\" style=\"grid-template-columns:18% auto\"><figure class=\"wp-block-media-text__media\" style=\"background-image:url(https:\/\/www.obsydya.org\/wp-content\/uploads\/2023\/12\/sedegnan-768x1024.jpg);background-position:50% 50%\"><img decoding=\"async\" src=\"https:\/\/www.obsydya.org\/wp-content\/uploads\/2023\/12\/sedegnan-768x1024.jpg\" alt=\"\" class=\"wp-image-575 size-full\"\/><\/figure><div class=\"wp-block-media-text__content\">\n<h3 class=\"wp-block-heading has-text-align-left\">Aurelle SEDEGNAN<\/h3>\n\n\n\n<p>Sujet  : Cartographie des syst\u00e8mes agraires par t\u00e9l\u00e9d\u00e9tection spatiale au nord et au centre du B\u00e9nin<br><br>INRAB\/CIRAD<\/p>\n\n\n\n<p><a href=\"https:\/\/www.obsydya.org\/?page_id=574\" data-type=\"link\" data-id=\"https:\/\/www.obsydya.org\/?page_id=574\">Lire la suite<\/a><\/p>\n<\/div><\/div>\n\n\n\n<div style=\"height:68px\" aria-hidden=\"true\" class=\"wp-block-spacer\"><\/div>\n","protected":false},"excerpt":{"rendered":"<p>Mikha\u00efl Jean de Dieu Dotou PADONOU Sujet : Identification, d\u00e9veloppement et suivi par t\u00e9l\u00e9d\u00e9tection d\u2019Indicateurs de Durabilit\u00e9 Ecologique des syst\u00e8mes agricoles au centre et au nord du B\u00e9nin Universit\u00e9s de Parakou\/Li\u00e8ge Lire la suite Bruno BIO NIKKI Sujet : Apprentissage profond et t\u00e9l\u00e9d\u00e9tection multi-capteur pour la cartographie de l&rsquo;occupation et l&rsquo;usage des sols agricoles au&hellip;&nbsp;<a href=\"https:\/\/www.obsydya.org\/?page_id=528\" class=\"\" rel=\"bookmark\">Lire la suite &raquo;<span class=\"screen-reader-text\">Portraits des doctorants<\/span><\/a><\/p>\n","protected":false},"author":2,"featured_media":0,"parent":0,"menu_order":0,"comment_status":"closed","ping_status":"closed","template":"","meta":{"neve_meta_sidebar":"","neve_meta_container":"","neve_meta_enable_content_width":"","neve_meta_content_width":0,"neve_meta_title_alignment":"","neve_meta_author_avatar":"","neve_post_elements_order":"","neve_meta_disable_header":"","neve_meta_disable_footer":"","neve_meta_disable_title":"","ngg_post_thumbnail":0,"footnotes":""},"class_list":["post-528","page","type-page","status-publish","hentry"],"_links":{"self":[{"href":"https:\/\/www.obsydya.org\/index.php?rest_route=\/wp\/v2\/pages\/528","targetHints":{"allow":["GET"]}}],"collection":[{"href":"https:\/\/www.obsydya.org\/index.php?rest_route=\/wp\/v2\/pages"}],"about":[{"href":"https:\/\/www.obsydya.org\/index.php?rest_route=\/wp\/v2\/types\/page"}],"author":[{"embeddable":true,"href":"https:\/\/www.obsydya.org\/index.php?rest_route=\/wp\/v2\/users\/2"}],"replies":[{"embeddable":true,"href":"https:\/\/www.obsydya.org\/index.php?rest_route=%2Fwp%2Fv2%2Fcomments&post=528"}],"version-history":[{"count":6,"href":"https:\/\/www.obsydya.org\/index.php?rest_route=\/wp\/v2\/pages\/528\/revisions"}],"predecessor-version":[{"id":580,"href":"https:\/\/www.obsydya.org\/index.php?rest_route=\/wp\/v2\/pages\/528\/revisions\/580"}],"wp:attachment":[{"href":"https:\/\/www.obsydya.org\/index.php?rest_route=%2Fwp%2Fv2%2Fmedia&parent=528"}],"curies":[{"name":"wp","href":"https:\/\/api.w.org\/{rel}","templated":true}]}}