{"id":198,"date":"2022-08-26T14:27:57","date_gmt":"2022-08-26T12:27:57","guid":{"rendered":"https:\/\/www.obsydya.org\/?page_id=198"},"modified":"2024-02-19T11:02:37","modified_gmt":"2024-02-19T10:02:37","slug":"lequipe-projet","status":"publish","type":"page","link":"https:\/\/www.obsydya.org\/?page_id=198","title":{"rendered":"L&rsquo;\u00e9quipe projet"},"content":{"rendered":"\n<p>Le consortium est une \u00e9quipe pluridisciplinaire impliquant des acteurs du nord et du sud, dans les secteurs de la recherche agronomique, de la formation et du d\u00e9veloppement. <br>L\u2019action sera mise en \u0153uvre sous la responsabilit\u00e9 du CIRAD, demandeur principal, conform\u00e9ment aux r\u00e8gles de l\u2019UE. L\u2019<a rel=\"noreferrer noopener\" href=\"http:\/\/www.inrab.org\" target=\"_blank\">INRAB<\/a>, l\u2019<a rel=\"noreferrer noopener\" href=\"http:\/\/www.ird.fr\" target=\"_blank\">IRD<\/a>, l\u2019<a rel=\"noreferrer noopener\" href=\"http:\/\/www.univ-parakou.bj\/\" target=\"_blank\">Universit\u00e9 de Parakou<\/a> (UP) et l\u2019<a href=\"https:\/\/www.uliege.be\" target=\"_blank\" rel=\"noreferrer noopener\">Universit\u00e9 de Li\u00e8ge<\/a> (ULi\u00e8ge) sont codemandeurs.<br>La gouvernance du projet s&rsquo;appuiera sur un comit\u00e9 de pilotage, organe strat\u00e9gique d\u00e9cisionnel qui se r\u00e9unira tous les ans pour revoir la mise en \u0153uvre du projet, d\u00e9cider de l\u2019orientation strat\u00e9gique et scientifique, valider l\u2019avancement des travaux et des livrables et pour d\u00e9cider d\u2019\u00e9ventuels changements ou grandes \u00e9volutions \u00e0 mettre en oeuvre. Anim\u00e9 et pilot\u00e9 par le coordinateur du projet, il comprend en son sein un repr\u00e9sentant de la direction du <a href=\"http:\/\/www.cirad.fr\" target=\"_blank\" rel=\"noreferrer noopener\">CIRAD<\/a>, de l\u2019INRAB, de l&rsquo;UP, et de la <a href=\"https:\/\/www.eeas.europa.eu\/delegations\/b%C3%A9nin_fr?s=84\" target=\"_blank\" rel=\"noreferrer noopener\">D\u00e9l\u00e9gation de l\u2019Union europ\u00e9enne du B\u00e9nin.<\/a><br><\/p>\n\n\n\n<div class=\"wp-block-cover\"><span aria-hidden=\"true\" class=\"wp-block-cover__background has-nv-light-bg-background-color has-background-dim-100 has-background-dim\"><\/span><div class=\"wp-block-cover__inner-container is-layout-flow wp-block-cover-is-layout-flow\">\n<div class=\"wp-block-columns is-layout-flex wp-container-core-columns-is-layout-9d6595d7 wp-block-columns-is-layout-flex\">\n<div class=\"wp-block-column is-layout-flow wp-block-column-is-layout-flow\"><\/div>\n\n\n\n<div class=\"wp-block-column is-layout-flow wp-block-column-is-layout-flow\"><div class=\"wp-block-image\">\n<figure class=\"aligncenter size-full is-resized\"><img loading=\"lazy\" decoding=\"async\" width=\"150\" height=\"150\" src=\"https:\/\/www.obsydya.org\/wp-content\/uploads\/2022\/08\/laurent.jpg\" alt=\"\" class=\"wp-image-199\" style=\"width:185px;height:185px\"\/><\/figure>\n<\/div><\/div>\n\n\n\n<div class=\"wp-block-column is-layout-flow wp-block-column-is-layout-flow\"><\/div>\n<\/div>\n\n\n\n<div class=\"wp-block-columns is-layout-flex wp-container-core-columns-is-layout-9d6595d7 wp-block-columns-is-layout-flex\">\n<div class=\"wp-block-column is-layout-flow wp-block-column-is-layout-flow\"><\/div>\n\n\n\n<div class=\"wp-block-column is-layout-flow wp-block-column-is-layout-flow\">\n<p class=\"has-text-align-center has-neve-text-color-color has-text-color\"><strong>Laurent GAZULL<\/strong><br>Chef de projet (<a href=\"http:\/\/www.cirad.fr\" target=\"_blank\" rel=\"noreferrer noopener\">CIRAD<\/a>)<\/p>\n<\/div>\n\n\n\n<div class=\"wp-block-column is-layout-flow wp-block-column-is-layout-flow\"><\/div>\n<\/div>\n\n\n\n<div class=\"wp-block-columns is-layout-flex wp-container-core-columns-is-layout-9d6595d7 wp-block-columns-is-layout-flex\">\n<div class=\"wp-block-column is-layout-flow wp-block-column-is-layout-flow\"><div class=\"wp-block-image\">\n<figure class=\"aligncenter size-full is-resized\"><img loading=\"lazy\" decoding=\"async\" width=\"203\" height=\"203\" src=\"https:\/\/www.obsydya.org\/wp-content\/uploads\/2022\/08\/agnes.png\" alt=\"\" class=\"wp-image-202\" style=\"width:172px;height:172px\" srcset=\"https:\/\/www.obsydya.org\/wp-content\/uploads\/2022\/08\/agnes.png 203w, https:\/\/www.obsydya.org\/wp-content\/uploads\/2022\/08\/agnes-150x150.png 150w\" sizes=\"auto, (max-width: 203px) 100vw, 203px\" \/><\/figure>\n<\/div><\/div>\n\n\n\n<div class=\"wp-block-column is-layout-flow wp-block-column-is-layout-flow\"><div class=\"wp-block-image\">\n<figure class=\"aligncenter size-full is-resized\"><img loading=\"lazy\" decoding=\"async\" width=\"225\" height=\"225\" src=\"https:\/\/www.obsydya.org\/wp-content\/uploads\/2022\/08\/rafalelle.jpg\" alt=\"\" class=\"wp-image-203\" style=\"width:175px;height:175px\" srcset=\"https:\/\/www.obsydya.org\/wp-content\/uploads\/2022\/08\/rafalelle.jpg 225w, https:\/\/www.obsydya.org\/wp-content\/uploads\/2022\/08\/rafalelle-150x150.jpg 150w\" sizes=\"auto, (max-width: 225px) 100vw, 225px\" \/><\/figure>\n<\/div><\/div>\n\n\n\n<div class=\"wp-block-column is-layout-flow wp-block-column-is-layout-flow\"><div class=\"wp-block-image\">\n<figure class=\"aligncenter size-full is-resized\"><img loading=\"lazy\" decoding=\"async\" width=\"400\" height=\"400\" src=\"https:\/\/www.obsydya.org\/wp-content\/uploads\/2022\/08\/philippe.jpg\" alt=\"\" class=\"wp-image-204\" style=\"width:180px;height:180px\" srcset=\"https:\/\/www.obsydya.org\/wp-content\/uploads\/2022\/08\/philippe.jpg 400w, https:\/\/www.obsydya.org\/wp-content\/uploads\/2022\/08\/philippe-300x300.jpg 300w, https:\/\/www.obsydya.org\/wp-content\/uploads\/2022\/08\/philippe-150x150.jpg 150w\" sizes=\"auto, (max-width: 400px) 100vw, 400px\" \/><\/figure>\n<\/div><\/div>\n<\/div>\n\n\n\n<div class=\"wp-block-columns is-layout-flex wp-container-core-columns-is-layout-9d6595d7 wp-block-columns-is-layout-flex\">\n<div class=\"wp-block-column is-layout-flow wp-block-column-is-layout-flow\">\n<p class=\"has-text-align-center has-neve-text-color-color has-text-color\"><strong>Agn\u00e8s BEGUE<\/strong><br>Agronome, <br>sp\u00e9cialis\u00e9e en t\u00e9l\u00e9d\u00e9tection (<a href=\"http:\/\/www.cirad.fr\" target=\"_blank\" rel=\"noreferrer noopener\">CIRAD<\/a>)<\/p>\n<\/div>\n\n\n\n<div class=\"wp-block-column is-layout-flow wp-block-column-is-layout-flow\">\n<p class=\"has-text-align-center has-neve-text-color-color has-text-color\"><strong>Rafaelle GAETANO<\/strong><br>Chercheur<br>(<a href=\"http:\/\/www.cirad.fr\" target=\"_blank\" rel=\"noreferrer noopener\">CIRAD<\/a>)<\/p>\n<\/div>\n\n\n\n<div class=\"wp-block-column is-layout-flow wp-block-column-is-layout-flow\">\n<p class=\"has-text-align-center has-neve-text-color-color has-text-color\"><strong>Philippe LEMOISSON<\/strong><br>Chercheur<br>(<a href=\"http:\/\/www.cirad.fr\" target=\"_blank\" rel=\"noreferrer noopener\">CIRAD<\/a>)<\/p>\n<\/div>\n<\/div>\n\n\n\n<div class=\"wp-block-columns is-layout-flex wp-container-core-columns-is-layout-9d6595d7 wp-block-columns-is-layout-flex\">\n<div class=\"wp-block-column is-layout-flow wp-block-column-is-layout-flow\"><div class=\"wp-block-image\">\n<figure class=\"aligncenter size-full\"><img loading=\"lazy\" decoding=\"async\" width=\"186\" height=\"240\" src=\"https:\/\/www.obsydya.org\/wp-content\/uploads\/2022\/11\/Alain-Clopes.jpg\" alt=\"\" class=\"wp-image-391\"\/><\/figure>\n<\/div><\/div>\n\n\n\n<div class=\"wp-block-column is-layout-flow wp-block-column-is-layout-flow\"><div class=\"wp-block-image\">\n<figure class=\"aligncenter size-full is-resized\"><img loading=\"lazy\" decoding=\"async\" width=\"298\" height=\"339\" src=\"https:\/\/www.obsydya.org\/wp-content\/uploads\/2022\/11\/simon-2.jpg\" alt=\"\" class=\"wp-image-396\" style=\"width:209px;height:237px\" srcset=\"https:\/\/www.obsydya.org\/wp-content\/uploads\/2022\/11\/simon-2.jpg 298w, https:\/\/www.obsydya.org\/wp-content\/uploads\/2022\/11\/simon-2-264x300.jpg 264w\" sizes=\"auto, (max-width: 298px) 100vw, 298px\" \/><\/figure>\n<\/div><\/div>\n\n\n\n<div class=\"wp-block-column is-layout-flow wp-block-column-is-layout-flow\"><div class=\"wp-block-image\">\n<figure class=\"aligncenter size-full is-resized\"><img loading=\"lazy\" decoding=\"async\" width=\"348\" height=\"519\" src=\"https:\/\/www.obsydya.org\/wp-content\/uploads\/2022\/11\/Capture.png\" alt=\"\" class=\"wp-image-381\" style=\"width:172px;height:256px\" srcset=\"https:\/\/www.obsydya.org\/wp-content\/uploads\/2022\/11\/Capture.png 348w, https:\/\/www.obsydya.org\/wp-content\/uploads\/2022\/11\/Capture-201x300.png 201w\" sizes=\"auto, (max-width: 348px) 100vw, 348px\" \/><\/figure>\n<\/div><\/div>\n<\/div>\n\n\n\n<div class=\"wp-block-columns is-layout-flex wp-container-core-columns-is-layout-9d6595d7 wp-block-columns-is-layout-flex\">\n<div class=\"wp-block-column is-layout-flow wp-block-column-is-layout-flow\">\n<p class=\"has-text-align-center has-neve-text-color-color has-text-color\"><strong>Alain CLOPES<\/strong><br>Informaticien<br>(<a href=\"http:\/\/www.cirad.fr\" target=\"_blank\" rel=\"noreferrer noopener\">CIRAD<\/a>)<\/p>\n<\/div>\n\n\n\n<div class=\"wp-block-column is-layout-flow wp-block-column-is-layout-flow\">\n<p class=\"has-text-align-center has-neve-link-color-color has-text-color\"><strong>Simon MADEC<\/strong><br>Analyse d&rsquo;images<br>(<a rel=\"noreferrer noopener\" href=\"http:\/\/www.cirad.fr\" target=\"_blank\">CIRAD<\/a>)<\/p>\n<\/div>\n\n\n\n<div class=\"wp-block-column is-layout-flow wp-block-column-is-layout-flow\">\n<p class=\"has-text-align-center has-neve-link-color-color has-text-color\"><strong>Teatske BAKKER<\/strong><br>Agronome syst\u00e8me<br>(<a rel=\"noreferrer noopener\" href=\"http:\/\/www.cirad.fr\" target=\"_blank\">CIRAD<\/a>&#8211; B\u00e9nin)<\/p>\n<\/div>\n<\/div>\n\n\n\n<div style=\"height:30px\" aria-hidden=\"true\" class=\"wp-block-spacer\"><\/div>\n\n\n\n<div class=\"wp-block-columns is-layout-flex wp-container-core-columns-is-layout-9d6595d7 wp-block-columns-is-layout-flex\">\n<div class=\"wp-block-column is-layout-flow wp-block-column-is-layout-flow\"><\/div>\n\n\n\n<div class=\"wp-block-column is-layout-flow wp-block-column-is-layout-flow\"><div class=\"wp-block-image\">\n<figure class=\"aligncenter size-full is-resized\"><img loading=\"lazy\" decoding=\"async\" width=\"244\" height=\"281\" src=\"https:\/\/www.obsydya.org\/wp-content\/uploads\/2022\/08\/Ahoyo-Adjovi-Nestor-Rene-e1661522384312.jpg\" alt=\"\" class=\"wp-image-218\" style=\"width:166px;height:191px\"\/><\/figure>\n<\/div><\/div>\n\n\n\n<div class=\"wp-block-column is-layout-flow wp-block-column-is-layout-flow\"><\/div>\n<\/div>\n\n\n\n<div class=\"wp-block-columns is-layout-flex wp-container-core-columns-is-layout-9d6595d7 wp-block-columns-is-layout-flex\">\n<div class=\"wp-block-column is-layout-flow wp-block-column-is-layout-flow\">\n<p class=\"has-text-align-center has-neve-text-color-color has-text-color\"><strong>Herv\u00e9 SOSSOU<\/strong><br>Chercheur Agro\u00e9conomie<br>(<a href=\"http:\/\/www.inrab.org\" target=\"_blank\" rel=\"noreferrer noopener\">INRAB<\/a>)<\/p>\n<\/div>\n\n\n\n<div class=\"wp-block-column is-layout-flow wp-block-column-is-layout-flow\">\n<p class=\"has-text-align-center has-neve-text-color-color has-text-color\"><strong>Nestor Ren\u00e9<\/strong> <strong>AHOYO ADJOVI<\/strong><br>Directeur scientifique<br>(<a href=\"http:\/\/www.inrab.org\" target=\"_blank\" rel=\"noreferrer noopener\">INRAB<\/a>)<\/p>\n<\/div>\n\n\n\n<div class=\"wp-block-column is-layout-flow wp-block-column-is-layout-flow\">\n<p class=\"has-text-align-center has-neve-text-color-color has-text-color\"><strong>Denis OLOU<\/strong><br>Assistant de recherche<br>(PAPA, <a href=\"http:\/\/www.irab.org\" target=\"_blank\" rel=\"noreferrer noopener\">INRAB<\/a>)<\/p>\n<\/div>\n<\/div>\n\n\n\n<div style=\"height:30px\" aria-hidden=\"true\" class=\"wp-block-spacer\"><\/div>\n\n\n\n<div class=\"wp-block-columns is-layout-flex wp-container-core-columns-is-layout-9d6595d7 wp-block-columns-is-layout-flex\">\n<div class=\"wp-block-column is-layout-flow wp-block-column-is-layout-flow\"><div class=\"wp-block-image\">\n<figure class=\"aligncenter size-large is-resized\"><img loading=\"lazy\" decoding=\"async\" width=\"768\" height=\"1024\" src=\"https:\/\/www.obsydya.org\/wp-content\/uploads\/2023\/12\/20210106_120558-768x1024.jpg\" alt=\"\" class=\"wp-image-597\" style=\"width:158px;height:auto\" srcset=\"https:\/\/www.obsydya.org\/wp-content\/uploads\/2023\/12\/20210106_120558-768x1024.jpg 768w, https:\/\/www.obsydya.org\/wp-content\/uploads\/2023\/12\/20210106_120558-225x300.jpg 225w, https:\/\/www.obsydya.org\/wp-content\/uploads\/2023\/12\/20210106_120558-rotated.jpg 960w\" sizes=\"auto, (max-width: 768px) 100vw, 768px\" \/><\/figure>\n<\/div>\n\n\n<p class=\"has-text-align-center has-neve-text-color-color has-text-color\"><strong>Aurelle<\/strong> <strong>SEDEGNAN<\/strong><br>Doctorante<br>(<a href=\"http:\/\/www.inrab.org\" target=\"_blank\" rel=\"noreferrer noopener\">INRAB<\/a>)<\/p>\n<\/div>\n\n\n\n<div class=\"wp-block-column is-layout-flow wp-block-column-is-layout-flow\"><div class=\"wp-block-image\">\n<figure class=\"aligncenter size-full is-resized\"><img loading=\"lazy\" decoding=\"async\" width=\"282\" height=\"317\" src=\"https:\/\/www.obsydya.org\/wp-content\/uploads\/2022\/09\/Naboua_KOUHOUNDJI_Photo_identite.jpg\" alt=\"\" class=\"wp-image-337\" style=\"width:158px;height:178px\" srcset=\"https:\/\/www.obsydya.org\/wp-content\/uploads\/2022\/09\/Naboua_KOUHOUNDJI_Photo_identite.jpg 282w, https:\/\/www.obsydya.org\/wp-content\/uploads\/2022\/09\/Naboua_KOUHOUNDJI_Photo_identite-267x300.jpg 267w\" sizes=\"auto, (max-width: 282px) 100vw, 282px\" \/><\/figure>\n<\/div>\n\n\n<p class=\"has-text-align-center has-neve-text-color-color has-text-color\"><strong><strong>Naboua KOUHOUNDJI<\/strong><\/strong><br>Charg\u00e9 de Recherche (CAMES) &#8211; (DSI\/<a rel=\"noreferrer noopener\" href=\"https:\/\/agriculture.gouv.bj\/\" target=\"_blank\">MAEP<\/a>)<\/p>\n<\/div>\n<\/div>\n\n\n\n<div style=\"height:30px\" aria-hidden=\"true\" class=\"wp-block-spacer\"><\/div>\n\n\n\n<div class=\"wp-block-columns is-layout-flex wp-container-core-columns-is-layout-9d6595d7 wp-block-columns-is-layout-flex\">\n<div class=\"wp-block-column is-layout-flow wp-block-column-is-layout-flow\"><div class=\"wp-block-image\">\n<figure class=\"aligncenter size-full is-resized\"><img loading=\"lazy\" decoding=\"async\" width=\"200\" height=\"200\" src=\"https:\/\/www.obsydya.org\/wp-content\/uploads\/2022\/09\/yvon.jpg\" alt=\"\" class=\"wp-image-227\" style=\"width:179px;height:179px\" srcset=\"https:\/\/www.obsydya.org\/wp-content\/uploads\/2022\/09\/yvon.jpg 200w, https:\/\/www.obsydya.org\/wp-content\/uploads\/2022\/09\/yvon-150x150.jpg 150w\" sizes=\"auto, (max-width: 200px) 100vw, 200px\" \/><\/figure>\n<\/div><\/div>\n\n\n\n<div class=\"wp-block-column is-layout-flow wp-block-column-is-layout-flow\"><div class=\"wp-block-image\">\n<figure class=\"aligncenter size-full is-resized\"><img loading=\"lazy\" decoding=\"async\" width=\"512\" height=\"512\" src=\"https:\/\/www.obsydya.org\/wp-content\/uploads\/2023\/04\/Gerard.jpg\" alt=\"\" class=\"wp-image-510\" style=\"width:200px;height:200px\" srcset=\"https:\/\/www.obsydya.org\/wp-content\/uploads\/2023\/04\/Gerard.jpg 512w, https:\/\/www.obsydya.org\/wp-content\/uploads\/2023\/04\/Gerard-300x300.jpg 300w, https:\/\/www.obsydya.org\/wp-content\/uploads\/2023\/04\/Gerard-150x150.jpg 150w\" sizes=\"auto, (max-width: 512px) 100vw, 512px\" \/><\/figure>\n<\/div><\/div>\n<\/div>\n\n\n\n<div class=\"wp-block-columns is-layout-flex wp-container-core-columns-is-layout-9d6595d7 wp-block-columns-is-layout-flex\">\n<div class=\"wp-block-column is-layout-flow wp-block-column-is-layout-flow\">\n<p class=\"has-text-align-center has-neve-text-color-color has-text-color\"><strong>Yvon<\/strong> <strong>HOUNTONDJI<\/strong><br>Chercheur en g\u00e9omatique<br>(<a href=\"http:\/\/www.univ-parakou.bj\/\" target=\"_blank\" rel=\"noreferrer noopener\">Universit\u00e9 de Parakou<\/a>)<\/p>\n<\/div>\n\n\n\n<div class=\"wp-block-column is-layout-flow wp-block-column-is-layout-flow\">\n<p class=\"has-text-align-center has-neve-text-color-color has-text-color\"><strong>G\u00e9rard<\/strong> <strong>GOUWAKINNOU<\/strong><br>Enseignant-chercheur<br>(<a href=\"http:\/\/www.univ-parakou.bj\/\" target=\"_blank\" rel=\"noreferrer noopener\">Universit\u00e9 de Parakou<\/a>)<\/p>\n<\/div>\n<\/div>\n\n\n\n<div class=\"wp-block-columns is-layout-flex wp-container-core-columns-is-layout-9d6595d7 wp-block-columns-is-layout-flex\">\n<div class=\"wp-block-column is-layout-flow wp-block-column-is-layout-flow\"><div class=\"wp-block-image\">\n<figure class=\"aligncenter size-full is-resized\"><img loading=\"lazy\" decoding=\"async\" width=\"200\" height=\"200\" src=\"https:\/\/www.obsydya.org\/wp-content\/uploads\/2022\/09\/bio-nikki.jpg\" alt=\"\" class=\"wp-image-231\" style=\"width:170px;height:170px\" srcset=\"https:\/\/www.obsydya.org\/wp-content\/uploads\/2022\/09\/bio-nikki.jpg 200w, https:\/\/www.obsydya.org\/wp-content\/uploads\/2022\/09\/bio-nikki-150x150.jpg 150w\" sizes=\"auto, (max-width: 200px) 100vw, 200px\" \/><\/figure>\n<\/div>\n\n\n<p class=\"has-text-align-center has-neve-text-color-color has-text-color\"><strong>Bruno<\/strong> <strong>BIO NIKKI<\/strong><br>Doctorant <br>(<a href=\"http:\/\/www.univ-parakou.bj\/\" target=\"_blank\" rel=\"noreferrer noopener\">Universit\u00e9 de Parakou<\/a>)<\/p>\n<\/div>\n\n\n\n<div class=\"wp-block-column is-layout-flow wp-block-column-is-layout-flow\"><div class=\"wp-block-image\">\n<figure class=\"aligncenter size-large is-resized\"><img loading=\"lazy\" decoding=\"async\" width=\"922\" height=\"1024\" src=\"https:\/\/www.obsydya.org\/wp-content\/uploads\/2023\/10\/mikhail_jean_de_dieu_dotou_padonou._2023-01-12_15-25-11_768-3-922x1024.jpg\" alt=\"\" class=\"wp-image-544\" style=\"width:161px;height:auto\" srcset=\"https:\/\/www.obsydya.org\/wp-content\/uploads\/2023\/10\/mikhail_jean_de_dieu_dotou_padonou._2023-01-12_15-25-11_768-3-922x1024.jpg 922w, https:\/\/www.obsydya.org\/wp-content\/uploads\/2023\/10\/mikhail_jean_de_dieu_dotou_padonou._2023-01-12_15-25-11_768-3-270x300.jpg 270w, https:\/\/www.obsydya.org\/wp-content\/uploads\/2023\/10\/mikhail_jean_de_dieu_dotou_padonou._2023-01-12_15-25-11_768-3-768x853.jpg 768w, https:\/\/www.obsydya.org\/wp-content\/uploads\/2023\/10\/mikhail_jean_de_dieu_dotou_padonou._2023-01-12_15-25-11_768-3-1384x1536.jpg 1384w, https:\/\/www.obsydya.org\/wp-content\/uploads\/2023\/10\/mikhail_jean_de_dieu_dotou_padonou._2023-01-12_15-25-11_768-3.jpg 1462w\" sizes=\"auto, (max-width: 922px) 100vw, 922px\" \/><\/figure>\n<\/div>\n\n\n<p class=\"has-text-align-center has-neve-text-color-color has-text-color\"><strong>Dotou PADONOU <\/strong><br>Doctorant<br>(<a href=\"http:\/\/www.univ-parakou.bj\/\" target=\"_blank\" rel=\"noreferrer noopener\">Universit\u00e9 de Parakou<\/a>)<\/p>\n<\/div>\n\n\n\n<div class=\"wp-block-column is-layout-flow wp-block-column-is-layout-flow\"><div class=\"wp-block-image\">\n<figure class=\"aligncenter size-full is-resized\"><img loading=\"lazy\" decoding=\"async\" width=\"200\" height=\"200\" src=\"https:\/\/www.obsydya.org\/wp-content\/uploads\/2022\/09\/lawson.jpg\" alt=\"\" class=\"wp-image-232\" style=\"width:175px;height:175px\" srcset=\"https:\/\/www.obsydya.org\/wp-content\/uploads\/2022\/09\/lawson.jpg 200w, https:\/\/www.obsydya.org\/wp-content\/uploads\/2022\/09\/lawson-150x150.jpg 150w\" sizes=\"auto, (max-width: 200px) 100vw, 200px\" \/><\/figure>\n<\/div>\n\n\n<p class=\"has-text-align-center has-neve-text-color-color has-text-color\"><strong>Alcibiade Late<\/strong> <strong>LAWSON<\/strong><br>Informaticien<br>(<a href=\"http:\/\/www.univ-parakou.bj\/\" target=\"_blank\" rel=\"noreferrer noopener\">Universit\u00e9 de Parakou<\/a>)<\/p>\n<\/div>\n<\/div>\n\n\n\n<div style=\"height:30px\" aria-hidden=\"true\" class=\"wp-block-spacer\"><\/div>\n\n\n\n<div class=\"wp-block-columns is-layout-flex wp-container-core-columns-is-layout-9d6595d7 wp-block-columns-is-layout-flex\">\n<div class=\"wp-block-column is-layout-flow wp-block-column-is-layout-flow\"><div class=\"wp-block-image\">\n<figure class=\"aligncenter size-full is-resized\"><img loading=\"lazy\" decoding=\"async\" width=\"678\" height=\"905\" src=\"https:\/\/www.obsydya.org\/wp-content\/uploads\/2022\/09\/IMG_0447.jpg\" alt=\"\" class=\"wp-image-222\" style=\"width:160px;height:214px\" srcset=\"https:\/\/www.obsydya.org\/wp-content\/uploads\/2022\/09\/IMG_0447.jpg 678w, https:\/\/www.obsydya.org\/wp-content\/uploads\/2022\/09\/IMG_0447-225x300.jpg 225w\" sizes=\"auto, (max-width: 678px) 100vw, 678px\" \/><\/figure>\n<\/div><\/div>\n\n\n\n<div class=\"wp-block-column is-layout-flow wp-block-column-is-layout-flow\"><div class=\"wp-block-image\">\n<figure class=\"aligncenter size-large is-resized\"><img loading=\"lazy\" decoding=\"async\" width=\"765\" height=\"1024\" src=\"https:\/\/www.obsydya.org\/wp-content\/uploads\/2022\/09\/vero-765x1024.jpg\" alt=\"\" class=\"wp-image-223\" style=\"width:163px;height:217px\" srcset=\"https:\/\/www.obsydya.org\/wp-content\/uploads\/2022\/09\/vero-765x1024.jpg 765w, https:\/\/www.obsydya.org\/wp-content\/uploads\/2022\/09\/vero-224x300.jpg 224w, https:\/\/www.obsydya.org\/wp-content\/uploads\/2022\/09\/vero-768x1028.jpg 768w, https:\/\/www.obsydya.org\/wp-content\/uploads\/2022\/09\/vero.jpg 799w\" sizes=\"auto, (max-width: 765px) 100vw, 765px\" \/><\/figure>\n<\/div><\/div>\n<\/div>\n\n\n\n<div class=\"wp-block-columns is-layout-flex wp-container-core-columns-is-layout-9d6595d7 wp-block-columns-is-layout-flex\">\n<div class=\"wp-block-column is-layout-flow wp-block-column-is-layout-flow\">\n<p class=\"has-text-align-center has-neve-text-color-color has-text-color\"><strong>Benoit MERTENS<\/strong><br>Chercheur <br>(<a href=\"http:\/\/www.ird.fr\" target=\"_blank\" rel=\"noreferrer noopener\">IRD<\/a>)<\/p>\n<\/div>\n\n\n\n<div class=\"wp-block-column is-layout-flow wp-block-column-is-layout-flow\">\n<p class=\"has-text-align-center has-neve-text-color-color has-text-color\"><strong>V\u00e9ronique ROUSSEAU<\/strong><br>Charg\u00e9e de projet<br>(<a rel=\"noreferrer noopener\" href=\"http:\/\/www.ird.fr\" target=\"_blank\">IRD<\/a>)<\/p>\n<\/div>\n<\/div>\n\n\n\n<div style=\"height:30px\" aria-hidden=\"true\" class=\"wp-block-spacer\"><\/div>\n\n\n\n<div class=\"wp-block-columns is-layout-flex wp-container-core-columns-is-layout-9d6595d7 wp-block-columns-is-layout-flex\">\n<div class=\"wp-block-column is-layout-flow wp-block-column-is-layout-flow\"><div class=\"wp-block-image\">\n<figure class=\"aligncenter size-full is-resized\"><img loading=\"lazy\" decoding=\"async\" width=\"200\" height=\"200\" src=\"https:\/\/www.obsydya.org\/wp-content\/uploads\/2022\/09\/bernard.jpg\" alt=\"\" class=\"wp-image-235\" style=\"width:191px;height:191px\" srcset=\"https:\/\/www.obsydya.org\/wp-content\/uploads\/2022\/09\/bernard.jpg 200w, https:\/\/www.obsydya.org\/wp-content\/uploads\/2022\/09\/bernard-150x150.jpg 150w\" sizes=\"auto, (max-width: 200px) 100vw, 200px\" \/><\/figure>\n<\/div>\n\n\n<div class=\"wp-block-columns is-layout-flex wp-container-core-columns-is-layout-9d6595d7 wp-block-columns-is-layout-flex\">\n<div class=\"wp-block-column is-layout-flow wp-block-column-is-layout-flow\">\n<p class=\"has-text-align-center has-neve-text-color-color has-text-color\"><strong>Bernard TYCHON<\/strong><br>Professeur Agronome <br>(<a href=\"https:\/\/www.uliege.be\" target=\"_blank\" rel=\"noreferrer noopener\">Universit\u00e9 de Li\u00e8ge<\/a>)<\/p>\n<\/div>\n<\/div>\n<\/div>\n\n\n\n<div class=\"wp-block-column is-layout-flow wp-block-column-is-layout-flow\"><div class=\"wp-block-image\">\n<figure class=\"aligncenter size-full is-resized\"><img loading=\"lazy\" decoding=\"async\" width=\"260\" height=\"335\" src=\"https:\/\/www.obsydya.org\/wp-content\/uploads\/2022\/09\/antoine.jpg\" alt=\"\" class=\"wp-image-333\" style=\"width:158px;height:204px\" srcset=\"https:\/\/www.obsydya.org\/wp-content\/uploads\/2022\/09\/antoine.jpg 260w, https:\/\/www.obsydya.org\/wp-content\/uploads\/2022\/09\/antoine-233x300.jpg 233w\" sizes=\"auto, (max-width: 260px) 100vw, 260px\" \/><\/figure>\n<\/div>\n\n\n<p class=\"has-text-align-center has-neve-text-color-color has-text-color\"><strong>Antoine  DENIS<\/strong><br>Assistant <br>(<a rel=\"noreferrer noopener\" href=\"https:\/\/www.uliege.be\" target=\"_blank\">Universit\u00e9 de Li\u00e8ge<\/a>)<\/p>\n<\/div>\n\n\n\n<div class=\"wp-block-column is-layout-flow wp-block-column-is-layout-flow\">\n<p><\/p>\n\n\n\n<p><\/p>\n\n\n\n<p><\/p>\n\n\n\n<p><\/p>\n\n\n\n<p class=\"has-text-align-center\"><br><strong>Jonathan<\/strong> <strong>PEEREMAN<\/strong><br>Ecologue (Postdoctorant) <br>(<a href=\"https:\/\/www.uliege.be\" target=\"_blank\" rel=\"noreferrer noopener\">Universit\u00e9 de Li\u00e8ge<\/a>)<\/p>\n<\/div>\n<\/div>\n<\/div><\/div>\n\n\n\n<div style=\"height:80px\" aria-hidden=\"true\" class=\"wp-block-spacer\"><\/div>\n","protected":false},"excerpt":{"rendered":"<p>Le consortium est une \u00e9quipe pluridisciplinaire impliquant des acteurs du nord et du sud, dans les secteurs de la recherche agronomique, de la formation et du d\u00e9veloppement. L\u2019action sera mise en \u0153uvre sous la responsabilit\u00e9 du CIRAD, demandeur principal, conform\u00e9ment aux r\u00e8gles de l\u2019UE. L\u2019INRAB, l\u2019IRD, l\u2019Universit\u00e9 de Parakou (UP) et l\u2019Universit\u00e9 de Li\u00e8ge (ULi\u00e8ge)&hellip;&nbsp;<a href=\"https:\/\/www.obsydya.org\/?page_id=198\" class=\"\" rel=\"bookmark\">Lire la suite &raquo;<span class=\"screen-reader-text\">L&rsquo;\u00e9quipe projet<\/span><\/a><\/p>\n","protected":false},"author":2,"featured_media":0,"parent":0,"menu_order":0,"comment_status":"closed","ping_status":"closed","template":"","meta":{"neve_meta_sidebar":"","neve_meta_container":"","neve_meta_enable_content_width":"","neve_meta_content_width":0,"neve_meta_title_alignment":"","neve_meta_author_avatar":"","neve_post_elements_order":"","neve_meta_disable_header":"","neve_meta_disable_footer":"","neve_meta_disable_title":"","ngg_post_thumbnail":0,"footnotes":""},"class_list":["post-198","page","type-page","status-publish","hentry"],"_links":{"self":[{"href":"https:\/\/www.obsydya.org\/index.php?rest_route=\/wp\/v2\/pages\/198","targetHints":{"allow":["GET"]}}],"collection":[{"href":"https:\/\/www.obsydya.org\/index.php?rest_route=\/wp\/v2\/pages"}],"about":[{"href":"https:\/\/www.obsydya.org\/index.php?rest_route=\/wp\/v2\/types\/page"}],"author":[{"embeddable":true,"href":"https:\/\/www.obsydya.org\/index.php?rest_route=\/wp\/v2\/users\/2"}],"replies":[{"embeddable":true,"href":"https:\/\/www.obsydya.org\/index.php?rest_route=%2Fwp%2Fv2%2Fcomments&post=198"}],"version-history":[{"count":20,"href":"https:\/\/www.obsydya.org\/index.php?rest_route=\/wp\/v2\/pages\/198\/revisions"}],"predecessor-version":[{"id":618,"href":"https:\/\/www.obsydya.org\/index.php?rest_route=\/wp\/v2\/pages\/198\/revisions\/618"}],"wp:attachment":[{"href":"https:\/\/www.obsydya.org\/index.php?rest_route=%2Fwp%2Fv2%2Fmedia&parent=198"}],"curies":[{"name":"wp","href":"https:\/\/api.w.org\/{rel}","templated":true}]}}