{"id":189,"date":"2022-08-26T12:13:16","date_gmt":"2022-08-26T10:13:16","guid":{"rendered":"https:\/\/www.obsydya.org\/?page_id=189"},"modified":"2022-09-22T14:08:57","modified_gmt":"2022-09-22T12:08:57","slug":"resultat-3","status":"publish","type":"page","link":"https:\/\/www.obsydya.org\/?page_id=189","title":{"rendered":"Plateforme"},"content":{"rendered":"\n<h3 class=\"wp-block-heading\">Une plateforme informatique pilot\u00e9 de services d\u00e9di\u00e9s au traitement, partage et diffusion de l&rsquo;information spatialis\u00e9e <\/h3>\n\n\n\n<p>Il s\u2019agit de d\u00e9velopper et mettre en place une plateforme informatique d\u00e9di\u00e9e \u00e0 la d\u00e9cision collective bas\u00e9e sur le partage de l\u2019information spatiale. <\/p>\n\n\n\n<p>La plateforme permettra :<\/p>\n\n\n\n<ol class=\"wp-block-list\"><li>de g\u00e9rer des s\u00e9ries de donn\u00e9es et des couches spatiales (raster ou vecteur)<\/li><li>de combiner et de transformer ces \u00e9l\u00e9ments pour produire des services informationnels<\/li><li>d\u2019administrer ces services en les ciblant sur les besoins de pilotage des acteurs, et en prenant en compte leur besoin de confidentialit\u00e9.<\/li><\/ol>\n\n\n\n<p>Dans le cadre de ce projet pilote, la plateforme sera install\u00e9e dans un premier temps au sein de l\u2019<a href=\"http:\/\/www.inrab.org\" target=\"_blank\" rel=\"noreferrer noopener\">INRAB<\/a> pour \u00eatre test\u00e9e et op\u00e9rationnalis\u00e9e. A l\u2019issue du projet une analyse de son d\u00e9ploiement au sein du MAEP (services de la DSI ou de la DSA par exemple) sera faite afin de d\u00e9finir les conditions (techniques, financi\u00e8res, institutionnelles) n\u00e9cessaires \u00e0 l\u2019efficacit\u00e9 d\u2019un tel outil et \u00e0 sa p\u00e9rennisation.<\/p>\n\n\n\n<p><\/p>\n\n\n\n<p><\/p>\n\n\n\n<div style=\"height:80px\" aria-hidden=\"true\" class=\"wp-block-spacer\"><\/div>\n","protected":false},"excerpt":{"rendered":"<p>Une plateforme informatique pilot\u00e9 de services d\u00e9di\u00e9s au traitement, partage et diffusion de l&rsquo;information spatialis\u00e9e Il s\u2019agit de d\u00e9velopper et mettre en place une plateforme informatique d\u00e9di\u00e9e \u00e0 la d\u00e9cision collective bas\u00e9e sur le partage de l\u2019information spatiale. La plateforme permettra : de g\u00e9rer des s\u00e9ries de donn\u00e9es et des couches spatiales (raster ou vecteur)&hellip;&nbsp;<a href=\"https:\/\/www.obsydya.org\/?page_id=189\" class=\"\" rel=\"bookmark\">Lire la suite &raquo;<span class=\"screen-reader-text\">Plateforme<\/span><\/a><\/p>\n","protected":false},"author":2,"featured_media":0,"parent":0,"menu_order":0,"comment_status":"closed","ping_status":"closed","template":"","meta":{"neve_meta_sidebar":"","neve_meta_container":"","neve_meta_enable_content_width":"","neve_meta_content_width":0,"neve_meta_title_alignment":"","neve_meta_author_avatar":"","neve_post_elements_order":"","neve_meta_disable_header":"","neve_meta_disable_footer":"","neve_meta_disable_title":"","ngg_post_thumbnail":0,"footnotes":""},"class_list":["post-189","page","type-page","status-publish","hentry"],"_links":{"self":[{"href":"https:\/\/www.obsydya.org\/index.php?rest_route=\/wp\/v2\/pages\/189","targetHints":{"allow":["GET"]}}],"collection":[{"href":"https:\/\/www.obsydya.org\/index.php?rest_route=\/wp\/v2\/pages"}],"about":[{"href":"https:\/\/www.obsydya.org\/index.php?rest_route=\/wp\/v2\/types\/page"}],"author":[{"embeddable":true,"href":"https:\/\/www.obsydya.org\/index.php?rest_route=\/wp\/v2\/users\/2"}],"replies":[{"embeddable":true,"href":"https:\/\/www.obsydya.org\/index.php?rest_route=%2Fwp%2Fv2%2Fcomments&post=189"}],"version-history":[{"count":5,"href":"https:\/\/www.obsydya.org\/index.php?rest_route=\/wp\/v2\/pages\/189\/revisions"}],"predecessor-version":[{"id":362,"href":"https:\/\/www.obsydya.org\/index.php?rest_route=\/wp\/v2\/pages\/189\/revisions\/362"}],"wp:attachment":[{"href":"https:\/\/www.obsydya.org\/index.php?rest_route=%2Fwp%2Fv2%2Fmedia&parent=189"}],"curies":[{"name":"wp","href":"https:\/\/api.w.org\/{rel}","templated":true}]}}