{"id":185,"date":"2022-08-26T11:19:07","date_gmt":"2022-08-26T09:19:07","guid":{"rendered":"https:\/\/www.obsydya.org\/?page_id=185"},"modified":"2022-09-22T14:08:19","modified_gmt":"2022-09-22T12:08:19","slug":"resultat-2","status":"publish","type":"page","link":"https:\/\/www.obsydya.org\/?page_id=185","title":{"rendered":"Indicateurs"},"content":{"rendered":"\n<h3 class=\"wp-block-heading\">Des indicateurs co-construits pour caract\u00e9riser les syst\u00e8mes agraires et les paysages, leur dynamique et durabilit\u00e9<\/h3>\n\n\n\n<p>L&rsquo;agriculture b\u00e9ninoise, reposant essentiellement sur de petites exploitations agricoles familiales, pr\u00e9sente une grande diversit\u00e9 de situations qui se caract\u00e9risent par des formes organisationnelles et des niveaux de transition qui sont encore mal compris. Actuellement la typologie des exploitations agricoles (EA) est faite par grande zone agro-\u00e9cologique et repose essentiellement sur des donn\u00e9es collect\u00e9es par enqu\u00eates. Ce travail d\u2019enqu\u00eate est long et co\u00fbteux \u00e0 mener, et est spatialement non exhaustif. Il peut \u00eatre compl\u00e9t\u00e9 par l\u2019utilisation d\u2019imagerie spatiale et \u00e0 la production r\u00e9guli\u00e8re de cartes d\u2019occupation et d\u2019utilisation des sols desquelles peuvent \u00eatre d\u00e9riv\u00e9s des indicateurs spatio-temporels permettant de d\u00e9crire les EA et leur \u00e9volution.<br>Il est donc important <strong>de construire des indicateurs<\/strong>  permettant de caract\u00e9riser les syst\u00e8mes agraires et les paysages, ainsi que leurs dynamiques et leur durabilit\u00e9 environnementale, \u00e0 partir de donn\u00e9es d\u2019enqu\u00eates existantes ou \u00e0 acqu\u00e9rir, de mod\u00e8les de dynamique spatiale et de produits issus de l\u2019observation de la Terre (<a href=\"https:\/\/www.obsydya.org\/?page_id=178\" data-type=\"URL\" data-id=\"https:\/\/www.obsydya.org\/?page_id=178\">Activit\u00e9 Occupation du sol<\/a>).<\/p>\n\n\n\n<p>Ces indicateurs sont co-construits avec les acteurs locaux sur des paysages-types repr\u00e9sentatifs des principales dynamiques en cours (d\u00e9veloppement du coton, d\u00e9veloppement des plantations arbor\u00e9es, fronts pionniers, etc. (cf. <a href=\"https:\/\/www.obsydya.org\/?page_id=178\">Activit\u00e9 Occupation du sol<\/a>). <\/p>\n\n\n\n<p><strong>Ils sont de deux types :<\/strong><\/p>\n\n\n\n<ul class=\"wp-block-list\"><li>les indicateurs  dits \u00ab <strong>op\u00e9rationnels<\/strong> \u00bb, pour l\u2019essentiel bas\u00e9s sur les cartes d\u2019occupation et d\u2019utilisation des sols issues du <a href=\"https:\/\/www.obsydya.org\/?page_id=178\">R\u00e9sultat 1<\/a><\/li><li>les indicateurs dits \u00ab <strong>exploratoires<\/strong> \u00bb, qui relient de fa\u00e7on indirecte des caract\u00e9ristiques des syst\u00e8mes agraires aux donn\u00e9es issues des s\u00e9ries temporelles d\u2019images ; la recherche n\u00e9cessaire au d\u00e9veloppement de ces indicateurs fait l\u2019objet d\u2019une activit\u00e9 d\u00e9di\u00e9e<\/li><\/ul>\n\n\n\n<p>Les indicateurs issus de cette activit\u00e9 (les indicateurs op\u00e9rationnels et, potentiellement, quelques indicateurs exploratoires) seront int\u00e9gr\u00e9s au syst\u00e8me d\u2019observation et de suivi des dynamiques agricoles et environnementales pour produire des services informationnels sous forme de cartes et de tableaux de bord (R\u00e9sultat 3). L\u2019utilisation d\u2019imagerie satellitaire et de dispositifs de donn\u00e9es de terrain existants permettront \u00e0 termes d\u2019assurer une collecte de l\u2019information \u00e0 moindre co\u00fbt \u00e0 l\u2019\u00e9chelle nationale, ce qui est une condition n\u00e9cessaire pour assurer la p\u00e9rennit\u00e9 du syst\u00e8me.<\/p>\n\n\n\n<div style=\"height:80px\" aria-hidden=\"true\" class=\"wp-block-spacer\"><\/div>\n","protected":false},"excerpt":{"rendered":"<p>Des indicateurs co-construits pour caract\u00e9riser les syst\u00e8mes agraires et les paysages, leur dynamique et durabilit\u00e9 L&rsquo;agriculture b\u00e9ninoise, reposant essentiellement sur de petites exploitations agricoles familiales, pr\u00e9sente une grande diversit\u00e9 de situations qui se caract\u00e9risent par des formes organisationnelles et des niveaux de transition qui sont encore mal compris. Actuellement la typologie des exploitations agricoles (EA)&hellip;&nbsp;<a href=\"https:\/\/www.obsydya.org\/?page_id=185\" class=\"\" rel=\"bookmark\">Lire la suite &raquo;<span class=\"screen-reader-text\">Indicateurs<\/span><\/a><\/p>\n","protected":false},"author":2,"featured_media":0,"parent":0,"menu_order":0,"comment_status":"closed","ping_status":"closed","template":"","meta":{"neve_meta_sidebar":"","neve_meta_container":"","neve_meta_enable_content_width":"","neve_meta_content_width":0,"neve_meta_title_alignment":"","neve_meta_author_avatar":"","neve_post_elements_order":"","neve_meta_disable_header":"","neve_meta_disable_footer":"","neve_meta_disable_title":"","ngg_post_thumbnail":0,"footnotes":""},"class_list":["post-185","page","type-page","status-publish","hentry"],"_links":{"self":[{"href":"https:\/\/www.obsydya.org\/index.php?rest_route=\/wp\/v2\/pages\/185","targetHints":{"allow":["GET"]}}],"collection":[{"href":"https:\/\/www.obsydya.org\/index.php?rest_route=\/wp\/v2\/pages"}],"about":[{"href":"https:\/\/www.obsydya.org\/index.php?rest_route=\/wp\/v2\/types\/page"}],"author":[{"embeddable":true,"href":"https:\/\/www.obsydya.org\/index.php?rest_route=\/wp\/v2\/users\/2"}],"replies":[{"embeddable":true,"href":"https:\/\/www.obsydya.org\/index.php?rest_route=%2Fwp%2Fv2%2Fcomments&post=185"}],"version-history":[{"count":5,"href":"https:\/\/www.obsydya.org\/index.php?rest_route=\/wp\/v2\/pages\/185\/revisions"}],"predecessor-version":[{"id":369,"href":"https:\/\/www.obsydya.org\/index.php?rest_route=\/wp\/v2\/pages\/185\/revisions\/369"}],"wp:attachment":[{"href":"https:\/\/www.obsydya.org\/index.php?rest_route=%2Fwp%2Fv2%2Fmedia&parent=185"}],"curies":[{"name":"wp","href":"https:\/\/api.w.org\/{rel}","templated":true}]}}