{"id":178,"date":"2022-08-26T10:21:16","date_gmt":"2022-08-26T08:21:16","guid":{"rendered":"https:\/\/www.obsydya.org\/?page_id=178"},"modified":"2024-05-31T14:03:06","modified_gmt":"2024-05-31T12:03:06","slug":"resultat-1","status":"publish","type":"page","link":"https:\/\/www.obsydya.org\/?page_id=178","title":{"rendered":"Occupation du sol"},"content":{"rendered":"\n<h3 class=\"wp-block-heading\">Une base de donn\u00e9es cartographique des paysages<\/h3>\n\n\n\n<p>L&rsquo;objectif de cette activit\u00e9 est l\u2019identification et la mise en place de protocoles m\u00e9thodologiques n\u00e9cessaires \u00e0 la constitution d\u2019une base de donn\u00e9es cartographique des paysages agricoles b\u00e9ninois.<\/p>\n\n\n\n<p>D\u2019un point de vue g\u00e9n\u00e9ral, il s\u2019agira principalement d\u2019\u00e9tudier les possibilit\u00e9s offertes par la t\u00e9l\u00e9d\u00e9tection satellitaire pour la cartographie des types de paysages, de l\u2019occupation et de l\u2019usage des sols \u00e0 plusieurs \u00e9chelles, celles-ci constituant les informations de base pour la caract\u00e9risation spatiale et temporelle des syst\u00e8mes agricoles, qui feront l\u2019objet de l&rsquo;activit\u00e9 <a href=\"https:\/\/www.obsydya.org\/?page_id=185\" data-type=\"page\" data-id=\"185\">indicateurs<\/a> du projet.<\/p>\n\n\n\n<h3 class=\"wp-block-heading\">Campagne agricole 2022<\/h3>\n\n\n\n<figure class=\"wp-block-gallery has-nested-images columns-2 is-cropped wp-block-gallery-1 is-layout-flex wp-block-gallery-is-layout-flex\">\n<figure class=\"wp-block-image size-large\"><a href=\"https:\/\/www.obsydya.org\/wp-content\/uploads\/2024\/05\/Bagou-MORINGA-niveau-1-min-scaled.jpeg\"><img loading=\"lazy\" decoding=\"async\" width=\"1024\" height=\"724\" data-id=\"735\" src=\"https:\/\/www.obsydya.org\/wp-content\/uploads\/2024\/05\/Bagou-MORINGA-niveau-1-min-1024x724.jpeg\" alt=\"\" class=\"wp-image-735\" srcset=\"https:\/\/www.obsydya.org\/wp-content\/uploads\/2024\/05\/Bagou-MORINGA-niveau-1-min-1024x724.jpeg 1024w, https:\/\/www.obsydya.org\/wp-content\/uploads\/2024\/05\/Bagou-MORINGA-niveau-1-min-300x212.jpeg 300w, https:\/\/www.obsydya.org\/wp-content\/uploads\/2024\/05\/Bagou-MORINGA-niveau-1-min-768x543.jpeg 768w, https:\/\/www.obsydya.org\/wp-content\/uploads\/2024\/05\/Bagou-MORINGA-niveau-1-min-1536x1086.jpeg 1536w, https:\/\/www.obsydya.org\/wp-content\/uploads\/2024\/05\/Bagou-MORINGA-niveau-1-min-2048x1448.jpeg 2048w\" sizes=\"auto, (max-width: 1024px) 100vw, 1024px\" \/><\/a><\/figure>\n\n\n\n<figure class=\"wp-block-image size-large\"><a href=\"https:\/\/www.obsydya.org\/wp-content\/uploads\/2024\/05\/Borgou-IOTA2-niveau-0-min-scaled.jpeg\"><img loading=\"lazy\" decoding=\"async\" width=\"1024\" height=\"724\" data-id=\"737\" src=\"https:\/\/www.obsydya.org\/wp-content\/uploads\/2024\/05\/Borgou-IOTA2-niveau-0-min-1024x724.jpeg\" alt=\"\" class=\"wp-image-737\" srcset=\"https:\/\/www.obsydya.org\/wp-content\/uploads\/2024\/05\/Borgou-IOTA2-niveau-0-min-1024x724.jpeg 1024w, https:\/\/www.obsydya.org\/wp-content\/uploads\/2024\/05\/Borgou-IOTA2-niveau-0-min-300x212.jpeg 300w, https:\/\/www.obsydya.org\/wp-content\/uploads\/2024\/05\/Borgou-IOTA2-niveau-0-min-768x543.jpeg 768w, https:\/\/www.obsydya.org\/wp-content\/uploads\/2024\/05\/Borgou-IOTA2-niveau-0-min-1536x1086.jpeg 1536w, https:\/\/www.obsydya.org\/wp-content\/uploads\/2024\/05\/Borgou-IOTA2-niveau-0-min-2048x1448.jpeg 2048w\" sizes=\"auto, (max-width: 1024px) 100vw, 1024px\" \/><\/a><\/figure>\n\n\n\n<figure class=\"wp-block-image size-large\"><a href=\"https:\/\/www.obsydya.org\/wp-content\/uploads\/2024\/05\/Ouenou-MORINGA-niveau-1-min-scaled.jpeg\"><img loading=\"lazy\" decoding=\"async\" width=\"1024\" height=\"724\" data-id=\"738\" src=\"https:\/\/www.obsydya.org\/wp-content\/uploads\/2024\/05\/Ouenou-MORINGA-niveau-1-min-1024x724.jpeg\" alt=\"\" class=\"wp-image-738\" srcset=\"https:\/\/www.obsydya.org\/wp-content\/uploads\/2024\/05\/Ouenou-MORINGA-niveau-1-min-1024x724.jpeg 1024w, https:\/\/www.obsydya.org\/wp-content\/uploads\/2024\/05\/Ouenou-MORINGA-niveau-1-min-300x212.jpeg 300w, https:\/\/www.obsydya.org\/wp-content\/uploads\/2024\/05\/Ouenou-MORINGA-niveau-1-min-768x543.jpeg 768w, https:\/\/www.obsydya.org\/wp-content\/uploads\/2024\/05\/Ouenou-MORINGA-niveau-1-min-1536x1086.jpeg 1536w, https:\/\/www.obsydya.org\/wp-content\/uploads\/2024\/05\/Ouenou-MORINGA-niveau-1-min-2048x1448.jpeg 2048w\" sizes=\"auto, (max-width: 1024px) 100vw, 1024px\" \/><\/a><\/figure>\n\n\n\n<figure class=\"wp-block-image size-large\"><a href=\"https:\/\/www.obsydya.org\/wp-content\/uploads\/2024\/05\/Parakou-MORINGA-niveau-1-min-scaled.jpeg\"><img loading=\"lazy\" decoding=\"async\" width=\"1024\" height=\"724\" data-id=\"736\" src=\"https:\/\/www.obsydya.org\/wp-content\/uploads\/2024\/05\/Parakou-MORINGA-niveau-1-min-1024x724.jpeg\" alt=\"\" class=\"wp-image-736\" srcset=\"https:\/\/www.obsydya.org\/wp-content\/uploads\/2024\/05\/Parakou-MORINGA-niveau-1-min-1024x724.jpeg 1024w, https:\/\/www.obsydya.org\/wp-content\/uploads\/2024\/05\/Parakou-MORINGA-niveau-1-min-300x212.jpeg 300w, https:\/\/www.obsydya.org\/wp-content\/uploads\/2024\/05\/Parakou-MORINGA-niveau-1-min-768x543.jpeg 768w, https:\/\/www.obsydya.org\/wp-content\/uploads\/2024\/05\/Parakou-MORINGA-niveau-1-min-1536x1086.jpeg 1536w, https:\/\/www.obsydya.org\/wp-content\/uploads\/2024\/05\/Parakou-MORINGA-niveau-1-min-2048x1448.jpeg 2048w\" sizes=\"auto, (max-width: 1024px) 100vw, 1024px\" \/><\/a><\/figure>\n<\/figure>\n","protected":false},"excerpt":{"rendered":"<p>Une base de donn\u00e9es cartographique des paysages L&rsquo;objectif de cette activit\u00e9 est l\u2019identification et la mise en place de protocoles m\u00e9thodologiques n\u00e9cessaires \u00e0 la constitution d\u2019une base de donn\u00e9es cartographique des paysages agricoles b\u00e9ninois. D\u2019un point de vue g\u00e9n\u00e9ral, il s\u2019agira principalement d\u2019\u00e9tudier les possibilit\u00e9s offertes par la t\u00e9l\u00e9d\u00e9tection satellitaire pour la cartographie des types&hellip;&nbsp;<a href=\"https:\/\/www.obsydya.org\/?page_id=178\" class=\"\" rel=\"bookmark\">Lire la suite &raquo;<span class=\"screen-reader-text\">Occupation du sol<\/span><\/a><\/p>\n","protected":false},"author":2,"featured_media":0,"parent":0,"menu_order":0,"comment_status":"closed","ping_status":"closed","template":"","meta":{"neve_meta_sidebar":"","neve_meta_container":"","neve_meta_enable_content_width":"","neve_meta_content_width":0,"neve_meta_title_alignment":"","neve_meta_author_avatar":"","neve_post_elements_order":"","neve_meta_disable_header":"","neve_meta_disable_footer":"","neve_meta_disable_title":"","ngg_post_thumbnail":0,"footnotes":""},"class_list":["post-178","page","type-page","status-publish","hentry"],"_links":{"self":[{"href":"https:\/\/www.obsydya.org\/index.php?rest_route=\/wp\/v2\/pages\/178","targetHints":{"allow":["GET"]}}],"collection":[{"href":"https:\/\/www.obsydya.org\/index.php?rest_route=\/wp\/v2\/pages"}],"about":[{"href":"https:\/\/www.obsydya.org\/index.php?rest_route=\/wp\/v2\/types\/page"}],"author":[{"embeddable":true,"href":"https:\/\/www.obsydya.org\/index.php?rest_route=\/wp\/v2\/users\/2"}],"replies":[{"embeddable":true,"href":"https:\/\/www.obsydya.org\/index.php?rest_route=%2Fwp%2Fv2%2Fcomments&post=178"}],"version-history":[{"count":8,"href":"https:\/\/www.obsydya.org\/index.php?rest_route=\/wp\/v2\/pages\/178\/revisions"}],"predecessor-version":[{"id":739,"href":"https:\/\/www.obsydya.org\/index.php?rest_route=\/wp\/v2\/pages\/178\/revisions\/739"}],"wp:attachment":[{"href":"https:\/\/www.obsydya.org\/index.php?rest_route=%2Fwp%2Fv2%2Fmedia&parent=178"}],"curies":[{"name":"wp","href":"https:\/\/api.w.org\/{rel}","templated":true}]}}