{"id":175,"date":"2022-08-26T10:19:43","date_gmt":"2022-08-26T08:19:43","guid":{"rendered":"https:\/\/www.obsydya.org\/?page_id=175"},"modified":"2022-09-22T14:03:12","modified_gmt":"2022-09-22T12:03:12","slug":"workpackages","status":"publish","type":"page","link":"https:\/\/www.obsydya.org\/?page_id=175","title":{"rendered":"Activit\u00e9s"},"content":{"rendered":"\n<div class=\"wp-block-cover\" style=\"min-height:590px;aspect-ratio:unset;\"><span aria-hidden=\"true\" class=\"wp-block-cover__background has-nv-dark-bg-background-color has-background-dim-100 has-background-dim\"><\/span><div class=\"wp-block-cover__inner-container is-layout-flow wp-block-cover-is-layout-flow\">\n<div style=\"height:19px\" aria-hidden=\"true\" class=\"wp-block-spacer\"><\/div>\n\n\n\n<p class=\"has-text-align-center has-neve-text-color-color has-text-color has-large-font-size\"><strong>3 activit\u00e9s majeures <\/strong><\/p>\n\n\n\n<div style=\"height:19px\" aria-hidden=\"true\" class=\"wp-block-spacer\"><\/div>\n\n\n\n<ol class=\"has-neve-text-color-color has-text-color wp-block-list\"><li><strong><a href=\"https:\/\/www.obsydya.org\/?page_id=178\">Une base de donn\u00e9es cartographique<\/a><\/strong> des paysages, de l\u2019usage des sols et de leurs \u00e9volutions est constitu\u00e9e \u00e0 l\u2019\u00e9chelle de toute la zone Nord et Centre du B\u00e9nin et \u00e0 l\u2019\u00e9chelle de zones repr\u00e9sentatives des syst\u00e8mes agraires en \u00e9volution.<\/li><li><a href=\"https:\/\/www.obsydya.org\/?page_id=185\"><strong>Des indicateurs<\/strong><\/a> permettant de caract\u00e9riser les syst\u00e8mes agraires et les paysages ainsi que leurs dynamiques et leur durabilit\u00e9 environnementale, sont co-construits avec les acteurs locaux sur des paysages-types repr\u00e9sentatifs des principales dynamiques en cours (d\u00e9veloppement du coton, d\u00e9veloppement des plantations arbor\u00e9es, \u00e9volution du couvert forestier, fronts pionniers, etc.). Ces indicateurs font l\u2019objet de tests m\u00e9thodologiques afin de les rendre op\u00e9rationnels.<\/li><li><a href=\"https:\/\/www.obsydya.org\/?page_id=189\"><strong>Une plateforme informatique pilote<\/strong><\/a> (serveur de donn\u00e9es + outils de traitement + services informationnels) de traitement, partage et diffusion de l\u2019information spatialis\u00e9e est mise en place.<\/li><\/ol>\n\n\n\n<p class=\"has-neve-text-color-color has-text-color\"><\/p>\n\n\n\n<div style=\"height:17px\" aria-hidden=\"true\" class=\"wp-block-spacer\"><\/div>\n<\/div><\/div>\n\n\n\n<div style=\"height:75px\" aria-hidden=\"true\" class=\"wp-block-spacer\"><\/div>\n","protected":false},"excerpt":{"rendered":"","protected":false},"author":2,"featured_media":0,"parent":0,"menu_order":0,"comment_status":"closed","ping_status":"closed","template":"","meta":{"neve_meta_sidebar":"","neve_meta_container":"","neve_meta_enable_content_width":"","neve_meta_content_width":0,"neve_meta_title_alignment":"","neve_meta_author_avatar":"","neve_post_elements_order":"","neve_meta_disable_header":"","neve_meta_disable_footer":"","neve_meta_disable_title":"","ngg_post_thumbnail":0,"footnotes":""},"class_list":["post-175","page","type-page","status-publish","hentry"],"_links":{"self":[{"href":"https:\/\/www.obsydya.org\/index.php?rest_route=\/wp\/v2\/pages\/175","targetHints":{"allow":["GET"]}}],"collection":[{"href":"https:\/\/www.obsydya.org\/index.php?rest_route=\/wp\/v2\/pages"}],"about":[{"href":"https:\/\/www.obsydya.org\/index.php?rest_route=\/wp\/v2\/types\/page"}],"author":[{"embeddable":true,"href":"https:\/\/www.obsydya.org\/index.php?rest_route=\/wp\/v2\/users\/2"}],"replies":[{"embeddable":true,"href":"https:\/\/www.obsydya.org\/index.php?rest_route=%2Fwp%2Fv2%2Fcomments&post=175"}],"version-history":[{"count":11,"href":"https:\/\/www.obsydya.org\/index.php?rest_route=\/wp\/v2\/pages\/175\/revisions"}],"predecessor-version":[{"id":365,"href":"https:\/\/www.obsydya.org\/index.php?rest_route=\/wp\/v2\/pages\/175\/revisions\/365"}],"wp:attachment":[{"href":"https:\/\/www.obsydya.org\/index.php?rest_route=%2Fwp%2Fv2%2Fmedia&parent=175"}],"curies":[{"name":"wp","href":"https:\/\/api.w.org\/{rel}","templated":true}]}}