{"id":169,"date":"2022-08-25T17:02:52","date_gmt":"2022-08-25T15:02:52","guid":{"rendered":"https:\/\/www.obsydya.org\/?page_id=169"},"modified":"2024-05-27T14:06:33","modified_gmt":"2024-05-27T12:06:33","slug":"zones-geographique","status":"publish","type":"page","link":"https:\/\/www.obsydya.org\/?page_id=169","title":{"rendered":"Sites pilotes"},"content":{"rendered":"\n<p>Les sites pilotes ont \u00e9t\u00e9 choisis parmi les sites Recherche et D\u00e9veloppement de l\u2019INRAB et parmi les aires de conservation du Nord et Centre B\u00e9nin (aires prot\u00e9g\u00e9es ou for\u00eats class\u00e9es). Ils sont en particulier caract\u00e9ristiques des dynamiques d\u2019\u00e9levage (modification des parcours de transhumance et\/ ou s\u00e9dentarisation des troupeaux, etc.), d\u2019agriculture p\u00e9riurbaine (maraichage), de d\u00e9veloppement des cultures c\u00e9r\u00e9ali\u00e8res, des vergers (mangue, anacarde), de la culture du coton, des plantations foresti\u00e8res, etc.<\/p>\n\n\n\n<p>Les 6 sites retenus sont&nbsp;:<\/p>\n\n\n\n<ul class=\"wp-block-list\">\n<li><a href=\"https:\/\/www.obsydya.org\/?page_id=693\">Awanla<\/a><\/li>\n\n\n\n<li><a href=\"https:\/\/www.obsydya.org\/?page_id=721\" data-type=\"page\" data-id=\"721\">Badou<\/a> <\/li>\n\n\n\n<li><a href=\"https:\/\/www.obsydya.org\/?page_id=716\" data-type=\"page\" data-id=\"716\">Soaodou<\/a><\/li>\n\n\n\n<li><a href=\"https:\/\/www.obsydya.org\/?page_id=700\" data-type=\"page\" data-id=\"700\">Ou\u00e9nou<\/a><\/li>\n\n\n\n<li><a href=\"https:\/\/www.obsydya.org\/?page_id=709\">Parakou<\/a><\/li>\n\n\n\n<li><a href=\"https:\/\/www.obsydya.org\/?page_id=728\" data-type=\"page\" data-id=\"728\">Gbanlin<\/a><\/li>\n<\/ul>\n\n\n\n<figure class=\"wp-block-gallery has-nested-images columns-default is-cropped wp-block-gallery-1 is-layout-flex wp-block-gallery-is-layout-flex\">\n<figure class=\"wp-block-image size-large\"><img loading=\"lazy\" decoding=\"async\" width=\"724\" height=\"1024\" data-id=\"691\" src=\"https:\/\/www.obsydya.org\/wp-content\/uploads\/2024\/05\/carte_sites_obsydya-departement-724x1024.png\" alt=\"\" class=\"wp-image-691\" srcset=\"https:\/\/www.obsydya.org\/wp-content\/uploads\/2024\/05\/carte_sites_obsydya-departement-724x1024.png 724w, https:\/\/www.obsydya.org\/wp-content\/uploads\/2024\/05\/carte_sites_obsydya-departement-212x300.png 212w, https:\/\/www.obsydya.org\/wp-content\/uploads\/2024\/05\/carte_sites_obsydya-departement-768x1086.png 768w, https:\/\/www.obsydya.org\/wp-content\/uploads\/2024\/05\/carte_sites_obsydya-departement-1086x1536.png 1086w, https:\/\/www.obsydya.org\/wp-content\/uploads\/2024\/05\/carte_sites_obsydya-departement-1448x2048.png 1448w\" sizes=\"auto, (max-width: 724px) 100vw, 724px\" \/><\/figure>\n\n\n\n<figure class=\"wp-block-image size-large\"><img loading=\"lazy\" decoding=\"async\" width=\"724\" height=\"1024\" data-id=\"690\" src=\"https:\/\/www.obsydya.org\/wp-content\/uploads\/2024\/05\/carte_sites_obsydya-pda-724x1024.png\" alt=\"\" class=\"wp-image-690\" srcset=\"https:\/\/www.obsydya.org\/wp-content\/uploads\/2024\/05\/carte_sites_obsydya-pda-724x1024.png 724w, https:\/\/www.obsydya.org\/wp-content\/uploads\/2024\/05\/carte_sites_obsydya-pda-212x300.png 212w, https:\/\/www.obsydya.org\/wp-content\/uploads\/2024\/05\/carte_sites_obsydya-pda-768x1086.png 768w, https:\/\/www.obsydya.org\/wp-content\/uploads\/2024\/05\/carte_sites_obsydya-pda-1086x1536.png 1086w, https:\/\/www.obsydya.org\/wp-content\/uploads\/2024\/05\/carte_sites_obsydya-pda-1448x2048.png 1448w\" sizes=\"auto, (max-width: 724px) 100vw, 724px\" \/><\/figure>\n\n\n\n<figure class=\"wp-block-image size-large\"><img loading=\"lazy\" decoding=\"async\" width=\"724\" height=\"1024\" data-id=\"689\" src=\"https:\/\/www.obsydya.org\/wp-content\/uploads\/2024\/05\/carte_sites_obsydya-zae-724x1024.png\" alt=\"\" class=\"wp-image-689\" srcset=\"https:\/\/www.obsydya.org\/wp-content\/uploads\/2024\/05\/carte_sites_obsydya-zae-724x1024.png 724w, https:\/\/www.obsydya.org\/wp-content\/uploads\/2024\/05\/carte_sites_obsydya-zae-212x300.png 212w, https:\/\/www.obsydya.org\/wp-content\/uploads\/2024\/05\/carte_sites_obsydya-zae-768x1086.png 768w, https:\/\/www.obsydya.org\/wp-content\/uploads\/2024\/05\/carte_sites_obsydya-zae-1086x1536.png 1086w, https:\/\/www.obsydya.org\/wp-content\/uploads\/2024\/05\/carte_sites_obsydya-zae-1448x2048.png 1448w\" sizes=\"auto, (max-width: 724px) 100vw, 724px\" \/><\/figure>\n<\/figure>\n\n\n\n<div style=\"height:80px\" aria-hidden=\"true\" class=\"wp-block-spacer\"><\/div>\n","protected":false},"excerpt":{"rendered":"<p>Les sites pilotes ont \u00e9t\u00e9 choisis parmi les sites Recherche et D\u00e9veloppement de l\u2019INRAB et parmi les aires de conservation du Nord et Centre B\u00e9nin (aires prot\u00e9g\u00e9es ou for\u00eats class\u00e9es). Ils sont en particulier caract\u00e9ristiques des dynamiques d\u2019\u00e9levage (modification des parcours de transhumance et\/ ou s\u00e9dentarisation des troupeaux, etc.), d\u2019agriculture p\u00e9riurbaine (maraichage), de d\u00e9veloppement des&hellip;&nbsp;<a href=\"https:\/\/www.obsydya.org\/?page_id=169\" class=\"\" rel=\"bookmark\">Lire la suite &raquo;<span class=\"screen-reader-text\">Sites pilotes<\/span><\/a><\/p>\n","protected":false},"author":2,"featured_media":0,"parent":0,"menu_order":0,"comment_status":"closed","ping_status":"closed","template":"","meta":{"neve_meta_sidebar":"","neve_meta_container":"","neve_meta_enable_content_width":"","neve_meta_content_width":0,"neve_meta_title_alignment":"","neve_meta_author_avatar":"","neve_post_elements_order":"","neve_meta_disable_header":"","neve_meta_disable_footer":"","neve_meta_disable_title":"","ngg_post_thumbnail":0,"footnotes":""},"class_list":["post-169","page","type-page","status-publish","hentry"],"_links":{"self":[{"href":"https:\/\/www.obsydya.org\/index.php?rest_route=\/wp\/v2\/pages\/169","targetHints":{"allow":["GET"]}}],"collection":[{"href":"https:\/\/www.obsydya.org\/index.php?rest_route=\/wp\/v2\/pages"}],"about":[{"href":"https:\/\/www.obsydya.org\/index.php?rest_route=\/wp\/v2\/types\/page"}],"author":[{"embeddable":true,"href":"https:\/\/www.obsydya.org\/index.php?rest_route=\/wp\/v2\/users\/2"}],"replies":[{"embeddable":true,"href":"https:\/\/www.obsydya.org\/index.php?rest_route=%2Fwp%2Fv2%2Fcomments&post=169"}],"version-history":[{"count":14,"href":"https:\/\/www.obsydya.org\/index.php?rest_route=\/wp\/v2\/pages\/169\/revisions"}],"predecessor-version":[{"id":732,"href":"https:\/\/www.obsydya.org\/index.php?rest_route=\/wp\/v2\/pages\/169\/revisions\/732"}],"wp:attachment":[{"href":"https:\/\/www.obsydya.org\/index.php?rest_route=%2Fwp%2Fv2%2Fmedia&parent=169"}],"curies":[{"name":"wp","href":"https:\/\/api.w.org\/{rel}","templated":true}]}}