{"id":165,"date":"2022-08-25T14:40:17","date_gmt":"2022-08-25T12:40:17","guid":{"rendered":"https:\/\/www.obsydya.org\/?page_id=165"},"modified":"2022-09-22T13:44:23","modified_gmt":"2022-09-22T11:44:23","slug":"objectifs","status":"publish","type":"page","link":"https:\/\/www.obsydya.org\/?page_id=165","title":{"rendered":"Objectifs"},"content":{"rendered":"<div class=\"wp-block-image\">\n<figure class=\"alignleft size-large is-resized\"><img loading=\"lazy\" decoding=\"async\" src=\"https:\/\/www.obsydya.org\/wp-content\/uploads\/2022\/08\/Parakou-2-1024x694.jpg\" alt=\"\" class=\"wp-image-167\" width=\"439\" height=\"297\" srcset=\"https:\/\/www.obsydya.org\/wp-content\/uploads\/2022\/08\/Parakou-2-1024x694.jpg 1024w, https:\/\/www.obsydya.org\/wp-content\/uploads\/2022\/08\/Parakou-2-300x203.jpg 300w, https:\/\/www.obsydya.org\/wp-content\/uploads\/2022\/08\/Parakou-2-768x520.jpg 768w, https:\/\/www.obsydya.org\/wp-content\/uploads\/2022\/08\/Parakou-2-1536x1040.jpg 1536w, https:\/\/www.obsydya.org\/wp-content\/uploads\/2022\/08\/Parakou-2.jpg 1732w\" sizes=\"auto, (max-width: 439px) 100vw, 439px\" \/><figcaption>SPOT \u00a9 Airbus<\/figcaption><\/figure>\n<\/div>\n\n\n<p>Avec le d\u00e9veloppement rapide du coton et de la noix de cajou, les syst\u00e8mes de production du centre et du nord du B\u00e9nin subissent des changements rapides. Les transformations des syst\u00e8mes de production et des fili\u00e8res associ\u00e9es sont \u00e0 l&rsquo;origine de changements critiques dans les \u00e9cosyst\u00e8mes et dans la structure spatiale des paysages ruraux. Au-del\u00e0 des impacts sur les \u00e9cosyst\u00e8mes naturels et la biodiversit\u00e9, l&rsquo;extension des surfaces agricoles entra\u00eene des changements importants dans les pratiques agricoles et pastorales : disparition des jach\u00e8res, d\u00e9gradation des sols et utilisation croissante d&rsquo;intrants, restriction des p\u00e2turages, etc. Bien que ces probl\u00e8mes majeurs aient \u00e9t\u00e9 identifi\u00e9s au Nord et au Centre du B\u00e9nin, des informations fiables sur l&rsquo;\u00e9tat des paysages ruraux font encore largement d\u00e9faut ou sont difficilement accessibles.<\/p>\n\n\n\n<p>Par ailleurs, l&rsquo;offre actuelle d&rsquo;imagerie satellitaire \u00e0 haute et tr\u00e8s haute r\u00e9solution spatiale (HRS et THRS) se d\u00e9veloppe et devient de plus en plus accessible en Afrique de l&rsquo;Ouest. Avec l&rsquo;augmentation des r\u00e9solutions spatiales, temporelles et spectrales, ces nouvelles donn\u00e9es satellitaires offrent l&rsquo;opportunit\u00e9 de d\u00e9velopper de nouvelles applications en agriculture et en environnement pour caract\u00e9riser et suivre l&rsquo;\u00e9volution des paysages en relation avec les pratiques agricoles.<\/p>\n\n\n\n<p><strong>Les objectifs du projets  sont : <\/strong><\/p>\n\n\n\n<div class=\"wp-block-columns is-layout-flex wp-container-core-columns-is-layout-9d6595d7 wp-block-columns-is-layout-flex\">\n<div class=\"wp-block-column is-layout-flow wp-block-column-is-layout-flow\">\n<ul class=\"wp-block-list\"><li><a href=\"https:\/\/www.obsydya.org\/?page_id=178\" data-type=\"page\" data-id=\"178\">Cr\u00e9ation d&rsquo;une base de donn\u00e9es cartographique<\/a> des paysages et des syst\u00e8mes d&rsquo;occupation du sol et de leur \u00e9volution au cours des 20 derni\u00e8res ann\u00e9es, sur l&rsquo;ensemble de la zone Nord et Centre du B\u00e9nin et \u00e0 l&rsquo;\u00e9chelle de zones repr\u00e9sentatives de syst\u00e8mes agraires en \u00e9volution.<\/li><li><a href=\"https:\/\/www.obsydya.org\/?page_id=185\" data-type=\"page\" data-id=\"185\">Co-construction avec les acteurs locaux (OPA, producteurs, ATDA) d&rsquo;indicateurs<\/a> permettant de caract\u00e9riser les syst\u00e8mes agraires et les paysages ainsi que leurs dynamiques et leur durabilit\u00e9 environnementale, sur des paysages types repr\u00e9sentatifs des principales dynamiques actuelles (d\u00e9veloppement du coton, d\u00e9veloppement des plantations d&rsquo;arbres, \u00e9volution du couvert forestier, fronts pionniers&#8230;).<\/li><li><a href=\"https:\/\/www.obsydya.org\/?page_id=189\" data-type=\"page\" data-id=\"189\">Mise en place d&rsquo;un observatoire pilote<\/a> (chercheurs + acteurs locaux + plateforme informatique + services d&rsquo;information) pour le traitement, le partage et la diffusion d&rsquo;informations spatialis\u00e9es.<\/li><\/ul>\n<\/div>\n\n\n\n<div class=\"wp-block-column is-layout-flow wp-block-column-is-layout-flow\">\n<ul class=\"wp-block-list\"><li>Renforcement des capacit\u00e9s des acteurs de la recherche et de l&rsquo;enseignement sup\u00e9rieur (<a rel=\"noreferrer noopener\" href=\"https:\/\/inrab.org\/\" target=\"_blank\">INRAB<\/a> et <a rel=\"noreferrer noopener\" href=\"http:\/\/www.univ-parakou.bj\/\" target=\"_blank\">Universit\u00e9 de Parakou<\/a>) sur les nouvelles techniques de traitement des images satellitaires et la production de services d&rsquo;information : formation, co-direction de th\u00e8ses et d&rsquo;\u00e9tudiants en master.<\/li><li>Renforcement des capacit\u00e9s du Minist\u00e8re de l&rsquo;Agriculture (<a rel=\"noreferrer noopener\" href=\"http:\/\/www.inrab.org\" target=\"_blank\">INRAB<\/a>, <a rel=\"noreferrer noopener\" href=\"https:\/\/agriculture.gouv.bj\/\" target=\"_blank\">DSI<\/a>) pour la fourniture de services d&rsquo;information g\u00e9ographique et statistique aux acteurs locaux : <a href=\"http:\/\/www.pnoppabenin.org\/\" target=\"_blank\" rel=\"noreferrer noopener\">Organisations Professionnelles (Paysannes) Agricoles (OPA)<\/a>, producteurs et prestataires de services de conseil agricole (\u00e9quipement, formation).<\/li><li>Renforcement des capacit\u00e9s des acteurs agricoles r\u00e9gionaux : OPAs et les Agences Territoriales de D\u00e9veloppement Agricole (ATDAs) pour acc\u00e9der et diffuser l&rsquo;information (\u00e9quipement, formation)<\/li><\/ul>\n<\/div>\n<\/div>\n\n\n\n<div style=\"height:80px\" aria-hidden=\"true\" class=\"wp-block-spacer\"><\/div>\n","protected":false},"excerpt":{"rendered":"<p>Avec le d\u00e9veloppement rapide du coton et de la noix de cajou, les syst\u00e8mes de production du centre et du nord du B\u00e9nin subissent des changements rapides. Les transformations des syst\u00e8mes de production et des fili\u00e8res associ\u00e9es sont \u00e0 l&rsquo;origine de changements critiques dans les \u00e9cosyst\u00e8mes et dans la structure spatiale des paysages ruraux. Au-del\u00e0&hellip;&nbsp;<a href=\"https:\/\/www.obsydya.org\/?page_id=165\" class=\"\" rel=\"bookmark\">Lire la suite &raquo;<span class=\"screen-reader-text\">Objectifs<\/span><\/a><\/p>\n","protected":false},"author":2,"featured_media":0,"parent":0,"menu_order":0,"comment_status":"closed","ping_status":"closed","template":"","meta":{"neve_meta_sidebar":"","neve_meta_container":"","neve_meta_enable_content_width":"","neve_meta_content_width":0,"neve_meta_title_alignment":"","neve_meta_author_avatar":"","neve_post_elements_order":"","neve_meta_disable_header":"","neve_meta_disable_footer":"","neve_meta_disable_title":"","ngg_post_thumbnail":0,"footnotes":""},"class_list":["post-165","page","type-page","status-publish","hentry"],"_links":{"self":[{"href":"https:\/\/www.obsydya.org\/index.php?rest_route=\/wp\/v2\/pages\/165","targetHints":{"allow":["GET"]}}],"collection":[{"href":"https:\/\/www.obsydya.org\/index.php?rest_route=\/wp\/v2\/pages"}],"about":[{"href":"https:\/\/www.obsydya.org\/index.php?rest_route=\/wp\/v2\/types\/page"}],"author":[{"embeddable":true,"href":"https:\/\/www.obsydya.org\/index.php?rest_route=\/wp\/v2\/users\/2"}],"replies":[{"embeddable":true,"href":"https:\/\/www.obsydya.org\/index.php?rest_route=%2Fwp%2Fv2%2Fcomments&post=165"}],"version-history":[{"count":6,"href":"https:\/\/www.obsydya.org\/index.php?rest_route=\/wp\/v2\/pages\/165\/revisions"}],"predecessor-version":[{"id":359,"href":"https:\/\/www.obsydya.org\/index.php?rest_route=\/wp\/v2\/pages\/165\/revisions\/359"}],"wp:attachment":[{"href":"https:\/\/www.obsydya.org\/index.php?rest_route=%2Fwp%2Fv2%2Fmedia&parent=165"}],"curies":[{"name":"wp","href":"https:\/\/api.w.org\/{rel}","templated":true}]}}