{"id":122,"date":"2022-08-22T14:47:26","date_gmt":"2022-08-22T12:47:26","guid":{"rendered":"https:\/\/www.obsydya.org\/?page_id=122"},"modified":"2022-09-22T15:59:28","modified_gmt":"2022-09-22T13:59:28","slug":"le-projet-obsydya","status":"publish","type":"page","link":"https:\/\/www.obsydya.org\/?page_id=122","title":{"rendered":"Le projet OBSYDYA"},"content":{"rendered":"<div class=\"wp-block-image\">\n<figure class=\"alignright size-large is-resized\"><img loading=\"lazy\" decoding=\"async\" src=\"https:\/\/www.obsydya.org\/wp-content\/uploads\/2022\/08\/IMG_0575-1024x768.jpg\" alt=\"\" class=\"wp-image-123\" width=\"393\" height=\"295\" srcset=\"https:\/\/www.obsydya.org\/wp-content\/uploads\/2022\/08\/IMG_0575-1024x768.jpg 1024w, https:\/\/www.obsydya.org\/wp-content\/uploads\/2022\/08\/IMG_0575-300x225.jpg 300w, https:\/\/www.obsydya.org\/wp-content\/uploads\/2022\/08\/IMG_0575-768x576.jpg 768w, https:\/\/www.obsydya.org\/wp-content\/uploads\/2022\/08\/IMG_0575-1536x1152.jpg 1536w, https:\/\/www.obsydya.org\/wp-content\/uploads\/2022\/08\/IMG_0575-2048x1536.jpg 2048w\" sizes=\"auto, (max-width: 393px) 100vw, 393px\" \/><figcaption><em>\u00a9OBSYDYA, 2022<\/em><\/figcaption><\/figure>\n<\/div>\n\n\n<p>Le projet OBSYDYA, Observatoire Pilote des Paysages et Dynamiques Agricoles, est un projet <a rel=\"noreferrer noopener\" href=\"https:\/\/europa.eu\/capacity4dev\/desira\" target=\"_blank\">DESIRA<\/a> (<a href=\"https:\/\/european-union.europa.eu\/index_fr\" target=\"_blank\" rel=\"noreferrer noopener\">Union europ\u00e9enne<\/a>) visant \u00e0 tirer profit des possibilit\u00e9s offertes par les images satellites r\u00e9centes pour suivre les changements au niveau du paysage et fournir des informations sur les pratiques agricoles qui les induisent, afin de disposer enfin de statistiques agricoles plus fiables et plus fr\u00e9quentes pour guider les services de conseil agricole et la planification des infrastructures.<\/p>\n\n\n\n<p>L\u2019objectif g\u00e9n\u00e9ral du projet est de mettre en place un observatoire pilote des syst\u00e8mes agraires et des paysages, sous la forme d\u2019une plateforme de services d\u00e9di\u00e9s \u00e0 la capitalisation d\u2019informations spatialis\u00e9es (cartes, images satellitaires, enqu\u00eates), \u00e0 la production d\u2019indicateurs (r\u00e9guliers et peu co\u00fbteux) et \u00e0 la cartographie des dynamiques des syst\u00e8mes agraires et des paysages du Centre et du Nord B\u00e9nin. <\/p>\n\n\n\n<div class=\"wp-block-cover\" style=\"min-height:280px;aspect-ratio:unset;\"><span aria-hidden=\"true\" class=\"wp-block-cover__background has-nv-light-bg-background-color has-background-dim-100 has-background-dim\"><\/span><div class=\"wp-block-cover__inner-container is-layout-flow wp-block-cover-is-layout-flow\">\n<div style=\"height:41px\" aria-hidden=\"true\" class=\"wp-block-spacer\"><\/div>\n\n\n\n<div class=\"wp-block-columns is-layout-flex wp-container-core-columns-is-layout-9d6595d7 wp-block-columns-is-layout-flex\">\n<div class=\"wp-block-column is-layout-flow wp-block-column-is-layout-flow\"><div class=\"wp-block-image\">\n<figure class=\"aligncenter size-full is-resized\"><img loading=\"lazy\" decoding=\"async\" src=\"https:\/\/www.obsydya.org\/wp-content\/uploads\/2022\/08\/duree.png\" alt=\"\" class=\"wp-image-162\" width=\"91\" height=\"105\"\/><\/figure>\n<\/div><\/div>\n\n\n\n<div class=\"wp-block-column is-layout-flow wp-block-column-is-layout-flow\"><div class=\"wp-block-image\">\n<figure class=\"aligncenter size-full is-resized\"><img decoding=\"async\" src=\"https:\/\/www.obsydya.org\/wp-content\/uploads\/2022\/08\/budget.png\" alt=\"\" class=\"wp-image-157\" width=\"91\" srcset=\"https:\/\/www.obsydya.org\/wp-content\/uploads\/2022\/08\/budget.png 177w, https:\/\/www.obsydya.org\/wp-content\/uploads\/2022\/08\/budget-150x150.png 150w\" sizes=\"(max-width: 177px) 100vw, 177px\" \/><\/figure>\n<\/div><\/div>\n\n\n\n<div class=\"wp-block-column is-layout-flow wp-block-column-is-layout-flow\"><div class=\"wp-block-image\">\n<figure class=\"aligncenter size-full is-resized\"><img loading=\"lazy\" decoding=\"async\" src=\"https:\/\/www.obsydya.org\/wp-content\/uploads\/2022\/08\/localisation.png\" alt=\"\" class=\"wp-image-161\" width=\"73\" height=\"85\" srcset=\"https:\/\/www.obsydya.org\/wp-content\/uploads\/2022\/08\/localisation.png 686w, https:\/\/www.obsydya.org\/wp-content\/uploads\/2022\/08\/localisation-258x300.png 258w\" sizes=\"auto, (max-width: 73px) 100vw, 73px\" \/><\/figure>\n<\/div><\/div>\n<\/div>\n\n\n\n<p class=\"has-text-align-center has-neve-link-color-color has-text-color\"><\/p>\n\n\n\n<div class=\"wp-block-columns is-layout-flex wp-container-core-columns-is-layout-9d6595d7 wp-block-columns-is-layout-flex\">\n<div class=\"wp-block-column is-layout-flow wp-block-column-is-layout-flow\">\n<p class=\"has-text-align-center has-neve-link-color-color has-text-color\"><strong>Dur\u00e9e<\/strong><br>2022-2026<\/p>\n\n\n\n<p><\/p>\n<\/div>\n\n\n\n<div class=\"wp-block-column is-layout-flow wp-block-column-is-layout-flow\">\n<p class=\"has-text-align-center has-neve-link-color-color has-text-color\"><strong>Budget<\/strong><br>1,6 millions Euros<\/p>\n<\/div>\n\n\n\n<div class=\"wp-block-column is-layout-flow wp-block-column-is-layout-flow\">\n<p class=\"has-text-align-center has-neve-link-color-color has-text-color\"><strong>Localisation<\/strong><br>B\u00e9nin<br><\/p>\n<\/div>\n<\/div>\n<\/div><\/div>\n\n\n\n<div style=\"height:80px\" aria-hidden=\"true\" class=\"wp-block-spacer\"><\/div>\n\n\n\n<div style=\"height:80px\" aria-hidden=\"true\" class=\"wp-block-spacer\"><\/div>\n","protected":false},"excerpt":{"rendered":"<p>Le projet OBSYDYA, Observatoire Pilote des Paysages et Dynamiques Agricoles, est un projet DESIRA (Union europ\u00e9enne) visant \u00e0 tirer profit des possibilit\u00e9s offertes par les images satellites r\u00e9centes pour suivre les changements au niveau du paysage et fournir des informations sur les pratiques agricoles qui les induisent, afin de disposer enfin de statistiques agricoles plus&hellip;&nbsp;<a href=\"https:\/\/www.obsydya.org\/?page_id=122\" class=\"\" rel=\"bookmark\">Lire la suite &raquo;<span class=\"screen-reader-text\">Le projet OBSYDYA<\/span><\/a><\/p>\n","protected":false},"author":2,"featured_media":0,"parent":0,"menu_order":0,"comment_status":"closed","ping_status":"closed","template":"","meta":{"neve_meta_sidebar":"","neve_meta_container":"contained","neve_meta_enable_content_width":"","neve_meta_content_width":0,"neve_meta_title_alignment":"left","neve_meta_author_avatar":"","neve_post_elements_order":"","neve_meta_disable_header":"","neve_meta_disable_footer":"off","neve_meta_disable_title":"","ngg_post_thumbnail":0,"footnotes":""},"class_list":["post-122","page","type-page","status-publish","hentry"],"_links":{"self":[{"href":"https:\/\/www.obsydya.org\/index.php?rest_route=\/wp\/v2\/pages\/122","targetHints":{"allow":["GET"]}}],"collection":[{"href":"https:\/\/www.obsydya.org\/index.php?rest_route=\/wp\/v2\/pages"}],"about":[{"href":"https:\/\/www.obsydya.org\/index.php?rest_route=\/wp\/v2\/types\/page"}],"author":[{"embeddable":true,"href":"https:\/\/www.obsydya.org\/index.php?rest_route=\/wp\/v2\/users\/2"}],"replies":[{"embeddable":true,"href":"https:\/\/www.obsydya.org\/index.php?rest_route=%2Fwp%2Fv2%2Fcomments&post=122"}],"version-history":[{"count":15,"href":"https:\/\/www.obsydya.org\/index.php?rest_route=\/wp\/v2\/pages\/122\/revisions"}],"predecessor-version":[{"id":377,"href":"https:\/\/www.obsydya.org\/index.php?rest_route=\/wp\/v2\/pages\/122\/revisions\/377"}],"wp:attachment":[{"href":"https:\/\/www.obsydya.org\/index.php?rest_route=%2Fwp%2Fv2%2Fmedia&parent=122"}],"curies":[{"name":"wp","href":"https:\/\/api.w.org\/{rel}","templated":true}]}}