{"id":1028,"date":"2025-09-10T10:24:20","date_gmt":"2025-09-10T08:24:20","guid":{"rendered":"https:\/\/www.obsydya.org\/?page_id=1028"},"modified":"2025-09-10T10:42:39","modified_gmt":"2025-09-10T08:42:39","slug":"publications","status":"publish","type":"page","link":"https:\/\/www.obsydya.org\/?page_id=1028","title":{"rendered":"Publications"},"content":{"rendered":"\n<h3 class=\"wp-block-heading\">Articles <\/h3>\n\n\n\n<h4 class=\"wp-block-heading\">2025<\/h4>\n\n\n\n<p>Padonou, M.J.D.D.D.; Denis, A.; Hountondji, Y.-C.H.; Tychon, B.; Gouwakinnou, G.N. Multi-Criteria <a href=\"https:\/\/doi.org\/10.3390\/environments12080271\" target=\"_blank\" rel=\"noreferrer noopener\">Assessment of the Environmental Sustainability of Agroecosystems in the North Benin Agricultural Basin Using Satellite Data<\/a>. <em>Environments<\/em> <strong>2025<\/strong>, <em>12<\/em>, 271. <\/p>\n\n\n\n<h4 class=\"wp-block-heading\">2024<\/h4>\n\n\n\n<p>Mikha\u00efl J.D.D. Padonou, Antoine Denis, Yvon-Carmen H. Hountondji, Bernard Tychon and G\u00e9rard N. Gouwakinnou, Indicateurs de durabilit\u00e9 \u00e9cologique des agro\u00e9cosyst\u00e8mes d\u00e9riv\u00e9s de la t\u00e9l\u00e9d\u00e9tection satellitaire : revue syst\u00e9matique, <em>Cah. Agric<\/em>., 33 (2024) 27<br>DOI: <a href=\"https:\/\/doi.org\/10.1051\/cagri\/2024022\" target=\"_blank\" rel=\"noreferrer noopener\">https:\/\/doi.org\/10.1051\/cagri\/2024022<\/a><\/p>\n\n\n\n<h3 class=\"wp-block-heading\">Communications orales <\/h3>\n\n\n\n<h4 class=\"wp-block-heading\">2023<\/h4>\n\n\n\n<p>Sedegnan A., B\u00e9gu\u00e9 A., Sossou H., Ahoyo N., 2023. <em>Cartographie et caract\u00e9risation des syst\u00e8mes agricoles au B\u00e9nin par t\u00e9l\u00e9d\u00e9tection spatiale : Application d\u2019une nouvelle approche radiom\u00e9trique de zonage paysager<\/em>. Colloque PAYOTTE Mod\u00e9lisation de paysages agricoles pour l\u2019analyse et la simulation de processus, 19-20 octobre 2023, Paris<\/p>\n\n\n\n<h4 class=\"wp-block-heading\">2024<\/h4>\n\n\n\n<p><\/p>\n\n\n\n<p>S. B. Bio Nikki Sare, R. Gaetano,Y. C. Hountondji, R. Interdonato, D. Ienco, 2024. <em>\u00c9valuation de techniques d\u2019apprentissage profond pour la cartographie par t\u00e9l\u00e9d\u00e9tection multi-capteur de l\u2019occupation et l\u2019usage des sols en milieu rural au nord du B\u00e9nin<\/em>. 7i\u00e8me Colloque Scientifique International de l\u2019Universit\u00e9 de Parakou et de Kara. 17 &#8211; 20\/09\/2024, Universit\u00e9 de Parakou (B\u00e9nin) &#8211; Pr\u00e9sentation Orale.<\/p>\n\n\n\n<p>S. B. Bio Nikki Sare, R. Gaetano, R. Interdonato, Y. C. Hountondji, D. Ienco, C. F. Dantas, <em>Joint Cloud Removal and Classification of Sentinel-2 Image Time Series for Agricultural Land Cover Mapping in Northern Benin<\/em>, International Geoscience and Remote Sensing Symposium IGARSS 2024, Ath\u00e8nes, Juillet 2024<\/p>\n\n\n\n<p>Sedegnan O.A, A. B\u00e9gu\u00e9 and H. Sossou, 2024. <em>Potential of radiometric zoning for spatializing agrarian systems in Benin.<\/em> 14th African Association of Remote Sensing of Environment (AARSE), 26-30 November 2024, Abidjan (C\u00f4te d\u2019Ivoire) &#8211; Oral presentation.\u00a0<\/p>\n\n\n\n<p>Sedegnan O.A, A. B\u00e9gu\u00e9, H. Sossou, and L. Gazull, 2024. <em>Defining Village Boundaries in Northern and Central Benin: A Spatial Approach. EO for Africa Symposium<\/em>, 23-26 September 2024, Frascati (It) &#8211; Oral presentation.\u00a0<\/p>\n\n\n\n<h3 class=\"wp-block-heading\">Posters<\/h3>\n\n\n\n<h4 class=\"wp-block-heading\">2024<\/h4>\n\n\n\n<p>S. B. Bio Nikki Sare, R. Gaetano, R. Interdonato, Y. C. Hountondji, D. Ienco, C. F. Dantas, <em>Joint Cloud Removal and Classification of Sentinel-2 Image Time Series for Agricultural Land Cover Mapping in Northern Benin<\/em>, International Geoscience and Remote Sensing Symposium IGARSS 2024, Ath\u00e8nes, Juillet 2024&nbsp;<\/p>\n\n\n\n<p>Padonou, M. J. D. D. D., Denis, A., Hountondji, Y., Tychon, B., &amp; Gouwakinnou, G. (30 November 2024). \u201c<em>Spatial dynamics of the multi-criteria Landscape Environmental Sustainability Index (LESI) in the rural landscape of North-Benin using satellite data<\/em>\u201d [Poster presentation]. 14th International conference of the African Association of Remote Sensing and the Environment AARSE 2024 \u2013 Abidjan, Abidjan, C\u00f4te d\u2019Ivoire.&nbsp;<\/p>\n\n\n\n<p><\/p>\n","protected":false},"excerpt":{"rendered":"<p>Articles 2025 Padonou, M.J.D.D.D.; Denis, A.; Hountondji, Y.-C.H.; Tychon, B.; Gouwakinnou, G.N. Multi-Criteria Assessment of the Environmental Sustainability of Agroecosystems in the North Benin Agricultural Basin Using Satellite Data. Environments 2025, 12, 271. 2024 Mikha\u00efl J.D.D. Padonou, Antoine Denis, Yvon-Carmen H. Hountondji, Bernard Tychon and G\u00e9rard N. Gouwakinnou, Indicateurs de durabilit\u00e9 \u00e9cologique des agro\u00e9cosyst\u00e8mes d\u00e9riv\u00e9s&hellip;&nbsp;<a href=\"https:\/\/www.obsydya.org\/?page_id=1028\" class=\"\" rel=\"bookmark\">Lire la suite &raquo;<span class=\"screen-reader-text\">Publications<\/span><\/a><\/p>\n","protected":false},"author":2,"featured_media":0,"parent":0,"menu_order":0,"comment_status":"closed","ping_status":"closed","template":"","meta":{"neve_meta_sidebar":"","neve_meta_container":"","neve_meta_enable_content_width":"","neve_meta_content_width":0,"neve_meta_title_alignment":"","neve_meta_author_avatar":"","neve_post_elements_order":"","neve_meta_disable_header":"","neve_meta_disable_footer":"","neve_meta_disable_title":"","ngg_post_thumbnail":0,"footnotes":""},"class_list":["post-1028","page","type-page","status-publish","hentry"],"_links":{"self":[{"href":"https:\/\/www.obsydya.org\/index.php?rest_route=\/wp\/v2\/pages\/1028","targetHints":{"allow":["GET"]}}],"collection":[{"href":"https:\/\/www.obsydya.org\/index.php?rest_route=\/wp\/v2\/pages"}],"about":[{"href":"https:\/\/www.obsydya.org\/index.php?rest_route=\/wp\/v2\/types\/page"}],"author":[{"embeddable":true,"href":"https:\/\/www.obsydya.org\/index.php?rest_route=\/wp\/v2\/users\/2"}],"replies":[{"embeddable":true,"href":"https:\/\/www.obsydya.org\/index.php?rest_route=%2Fwp%2Fv2%2Fcomments&post=1028"}],"version-history":[{"count":5,"href":"https:\/\/www.obsydya.org\/index.php?rest_route=\/wp\/v2\/pages\/1028\/revisions"}],"predecessor-version":[{"id":1037,"href":"https:\/\/www.obsydya.org\/index.php?rest_route=\/wp\/v2\/pages\/1028\/revisions\/1037"}],"wp:attachment":[{"href":"https:\/\/www.obsydya.org\/index.php?rest_route=%2Fwp%2Fv2%2Fmedia&parent=1028"}],"curies":[{"name":"wp","href":"https:\/\/api.w.org\/{rel}","templated":true}]}}